{"id":8,"date":"2011-01-10T03:12:26","date_gmt":"2011-01-10T03:12:26","guid":{"rendered":"http:\/\/190.54.12.94\/~atrapasu\/?page_id=8"},"modified":"2024-08-29T20:55:37","modified_gmt":"2024-08-29T20:55:37","slug":"socios","status":"publish","type":"page","link":"https:\/\/qa.atrapasuenos.cl\/?page_id=8","title":{"rendered":"Directorio de Atrapasue\u00f1os"},"content":{"rendered":"\n<div class=\"wp-block-columns is-layout-flex wp-container-core-columns-is-layout-1 wp-block-columns-is-layout-flex\">\n<div class=\"wp-block-column is-layout-flow wp-block-column-is-layout-flow\"><div class=\"wp-block-image is-style-rounded\">\n<figure class=\"aligncenter size-full is-resized\"><a href=\"https:\/\/qa.atrapasuenos.cl\/wp-content\/uploads\/2024\/08\/dr.-ochoa-1.png\"><img loading=\"lazy\" decoding=\"async\" width=\"300\" height=\"300\" src=\"https:\/\/qa.atrapasuenos.cl\/wp-content\/uploads\/2024\/08\/dr.-ochoa-1.png\" alt=\"\" class=\"wp-image-3004\" style=\"width:254px;height:auto\" srcset=\"https:\/\/qa.atrapasuenos.cl\/wp-content\/uploads\/2024\/08\/dr.-ochoa-1.png 300w, https:\/\/qa.atrapasuenos.cl\/wp-content\/uploads\/2024\/08\/dr.-ochoa-1-80x80.png 80w\" sizes=\"auto, (max-width: 300px) 100vw, 300px\" \/><\/a><figcaption class=\"wp-element-caption\">Dr. Jorge Ochoa &#8211; Presidente y Socio Fundador<\/figcaption><\/figure><\/div><\/div>\n\n\n\n<div class=\"wp-block-column is-layout-flow wp-block-column-is-layout-flow\">\n<p><strong>Profesi\u00f3n:<\/strong> M\u00e9dico Psiquiatra de Adultos, con m\u00e1s de 30 a\u00f1os de experiencia profesional.<\/p>\n\n\n\n<p><strong>Algo sobre m\u00ed:<\/strong> Casado, padre de 3 hijas y un hijo, maravillosos; l\u00edder natural, solidario y compasivo, me encanta asumir desaf\u00edos en que hay espacio para la creatividad e innovaci\u00f3n al servicio de las personas. Disfruto de los deportes al aire libre y del saxo.<\/p>\n\n\n\n<p><strong>Por qu\u00e9 soy parte de Atrapasue\u00f1os: <\/strong>hace ya m\u00e1s de 10 a\u00f1os que impuls\u00e9 la creaci\u00f3n de Corporaci\u00f3n ATRAPASUE\u00d1OS, porque considero una obligaci\u00f3n \u00e9tica para toda organizaci\u00f3n el <strong>aportar valor a la comunidad en que se desarrolla; <\/strong>y qu\u00e9 mejor que como instituci\u00f3n de Salud Mental, lo hagamos desde esa perspectiva, <strong>acercando la Salud Mental y Bienestar a quienes m\u00e1s lo necesitan.<\/strong><\/p>\n<\/div>\n<\/div>\n\n\n\n<div class=\"wp-block-columns is-layout-flex wp-container-core-columns-is-layout-2 wp-block-columns-is-layout-flex\">\n<div class=\"wp-block-column is-layout-flow wp-block-column-is-layout-flow\"><\/div>\n\n\n\n<div class=\"wp-block-column is-layout-flow wp-block-column-is-layout-flow\"><\/div>\n<\/div>\n\n\n\n<div class=\"wp-block-columns is-layout-flex wp-container-core-columns-is-layout-3 wp-block-columns-is-layout-flex\">\n<div class=\"wp-block-column is-layout-flow wp-block-column-is-layout-flow\"><div class=\"wp-block-image is-style-rounded\">\n<figure class=\"aligncenter size-full is-resized\"><a href=\"https:\/\/qa.atrapasuenos.cl\/wp-content\/uploads\/2024\/08\/CLAUDIA-BARRERA-1.jpg\"><img loading=\"lazy\" decoding=\"async\" width=\"528\" height=\"599\" src=\"https:\/\/qa.atrapasuenos.cl\/wp-content\/uploads\/2024\/08\/CLAUDIA-BARRERA-1.jpg\" alt=\"\" class=\"wp-image-3002\" style=\"width:255px;height:auto\" srcset=\"https:\/\/qa.atrapasuenos.cl\/wp-content\/uploads\/2024\/08\/CLAUDIA-BARRERA-1.jpg 528w, https:\/\/qa.atrapasuenos.cl\/wp-content\/uploads\/2024\/08\/CLAUDIA-BARRERA-1-264x300.jpg 264w\" sizes=\"auto, (max-width: 528px) 100vw, 528px\" \/><\/a><figcaption class=\"wp-element-caption\">Dra. Claudia Barrera &#8211; Vice Presidenta y Socia Fundadora<\/figcaption><\/figure><\/div><\/div>\n\n\n\n<div class=\"wp-block-column is-layout-flow wp-block-column-is-layout-flow\">\n<p><strong>Profesi\u00f3n<\/strong>: M\u00e9dico Psiquiatra con muchos a\u00f1os de experiencia.<\/p>\n\n\n\n<p><strong>Algo sobre m\u00ed<\/strong>: Me gusta bailar, subir cerros, jugar padel, viajar, comer rico + sano, ir al teatro y al cine, leer, aprender cosas nuevas y jardinear. Tengo dos hijas, tres perros y un marido.<\/p>\n\n\n\n<p><strong>Por qu\u00e9 soy parte de Atrapasue\u00f1os<\/strong>: Creo que somos un gran grupo de profesionales con el poder de mejorar la vida de muchas personas.<\/p>\n<\/div>\n<\/div>\n\n\n\n<div class=\"wp-block-columns is-layout-flex wp-container-core-columns-is-layout-4 wp-block-columns-is-layout-flex\">\n<div class=\"wp-block-column is-layout-flow wp-block-column-is-layout-flow\"><div class=\"wp-block-image is-style-rounded\">\n<figure class=\"aligncenter size-large is-resized\"><a href=\"http:\/\/qa.atrapasuenos.cl\/wp-content\/uploads\/2024\/08\/RODRIGO-TRONCOSO.jpg\"><img loading=\"lazy\" decoding=\"async\" width=\"824\" height=\"1030\" src=\"http:\/\/qa.atrapasuenos.cl\/wp-content\/uploads\/2024\/08\/RODRIGO-TRONCOSO-824x1030.jpg\" alt=\"\" class=\"wp-image-2994\" style=\"width:240px;height:auto\" srcset=\"https:\/\/qa.atrapasuenos.cl\/wp-content\/uploads\/2024\/08\/RODRIGO-TRONCOSO-824x1030.jpg 824w, https:\/\/qa.atrapasuenos.cl\/wp-content\/uploads\/2024\/08\/RODRIGO-TRONCOSO-240x300.jpg 240w, https:\/\/qa.atrapasuenos.cl\/wp-content\/uploads\/2024\/08\/RODRIGO-TRONCOSO-768x960.jpg 768w, https:\/\/qa.atrapasuenos.cl\/wp-content\/uploads\/2024\/08\/RODRIGO-TRONCOSO-1229x1536.jpg 1229w, https:\/\/qa.atrapasuenos.cl\/wp-content\/uploads\/2024\/08\/RODRIGO-TRONCOSO.jpg 1500w\" sizes=\"auto, (max-width: 824px) 100vw, 824px\" \/><\/a><figcaption class=\"wp-element-caption\">Rodrigo Troncoso &#8211; Director Ejecutivo y Socio<\/figcaption><\/figure><\/div><\/div>\n\n\n\n<div class=\"wp-block-column is-layout-flow wp-block-column-is-layout-flow\">\n<p><strong>Profesi\u00f3n:<\/strong> MBA &#8211; Ingeniero Civil Industrial \u2013 Ingeniero Inform\u00e1tico. 20 a\u00f1os de experiencia en rubro tecnolog\u00eda y salud.<\/p>\n\n\n\n<p><strong>Algo sobre m\u00ed:<\/strong> Amante de la m\u00fasica, los viajes y mi peque\u00f1o hijo. Me motiva crear soluciones innovadoras mediante el uso de tecnolog\u00eda, con foco en las personas.<\/p>\n\n\n\n<p><strong>Por qu\u00e9 soy parte de Atrapasue\u00f1os<\/strong>:&nbsp;La posibilidad de acercar la salud a quienes m\u00e1s lo necesitan, soslayando barreras y tendiendo puentes.<\/p>\n<\/div>\n<\/div>\n\n\n\n<div class=\"wp-block-columns is-layout-flex wp-container-core-columns-is-layout-5 wp-block-columns-is-layout-flex\">\n<div class=\"wp-block-column is-layout-flow wp-block-column-is-layout-flow\"><div class=\"wp-block-image is-style-rounded\">\n<figure class=\"aligncenter size-full is-resized\"><a href=\"http:\/\/qa.atrapasuenos.cl\/wp-content\/uploads\/2024\/08\/DRA-GALVEZ.jpg\"><img loading=\"lazy\" decoding=\"async\" width=\"242\" height=\"396\" src=\"http:\/\/qa.atrapasuenos.cl\/wp-content\/uploads\/2024\/08\/DRA-GALVEZ.jpg\" alt=\"\" class=\"wp-image-2993\" style=\"width:205px;height:auto\" srcset=\"https:\/\/qa.atrapasuenos.cl\/wp-content\/uploads\/2024\/08\/DRA-GALVEZ.jpg 242w, https:\/\/qa.atrapasuenos.cl\/wp-content\/uploads\/2024\/08\/DRA-GALVEZ-183x300.jpg 183w\" sizes=\"auto, (max-width: 242px) 100vw, 242px\" \/><\/a><figcaption class=\"wp-element-caption\">Dra. Macarena G\u00e1lvez &#8211; Tesorera y Socia<\/figcaption><\/figure><\/div><\/div>\n\n\n\n<div class=\"wp-block-column is-layout-flow wp-block-column-is-layout-flow\">\n<p><\/p>\n\n\n\n<p><\/p>\n\n\n\n<p><strong>Profesi\u00f3n:<\/strong> M\u00e9dico Psiquiatra de Adultos.<\/p>\n\n\n\n<p><strong>Algo sobre m\u00ed<\/strong>: Madre de 3 hijos, de 19, 10 y 3 a\u00f1os, apasionada por las reacciones y vivencias humanas, entendiendo que cada historia es \u00fanica.<\/p>\n\n\n\n<p><strong>Por qu\u00e9 soy parte de Atrapasue\u00f1os<\/strong>: Tengo la esperanza de que alg\u00fan d\u00eda la SM sea una prioridad y se invierta en calidad de vida y prevenci\u00f3n.<\/p>\n<\/div>\n<\/div>\n\n\n\n<p><\/p>\n","protected":false},"excerpt":{"rendered":"<p>Profesi\u00f3n: M\u00e9dico Psiquiatra de Adultos, con m\u00e1s de 30 a\u00f1os de experiencia profesional. Algo sobre m\u00ed: Casado, padre de 3 hijas y un hijo, maravillosos; l\u00edder natural, solidario y compasivo, me encanta asumir desaf\u00edos en que hay espacio para la creatividad e innovaci\u00f3n al servicio de las personas. Disfruto de los deportes al aire libre y del saxo. Por qu\u00e9 [&hellip;]<\/p>\n","protected":false},"author":3,"featured_media":0,"parent":278,"menu_order":2,"comment_status":"closed","ping_status":"closed","template":"","meta":{"footnotes":""},"class_list":["post-8","page","type-page","status-publish","hentry"],"yoast_head":"<!-- This site is optimized with the Yoast SEO plugin v23.4 - https:\/\/yoast.com\/wordpress\/plugins\/seo\/ -->\n<title>Directorio de Atrapasue\u00f1os - Corporaci\u00f3n Atrapasue\u00f1os<\/title>\n<meta name=\"robots\" content=\"index, follow, max-snippet:-1, max-image-preview:large, max-video-preview:-1\" \/>\n<link rel=\"canonical\" href=\"https:\/\/qa.atrapasuenos.cl\/?page_id=8\" \/>\n<meta property=\"og:locale\" content=\"es_ES\" \/>\n<meta property=\"og:type\" content=\"article\" \/>\n<meta property=\"og:title\" content=\"Directorio de Atrapasue\u00f1os - Corporaci\u00f3n Atrapasue\u00f1os\" \/>\n<meta property=\"og:description\" content=\"Profesi\u00f3n: M\u00e9dico Psiquiatra de Adultos, con m\u00e1s de 30 a\u00f1os de experiencia profesional. Algo sobre m\u00ed: Casado, padre de 3 hijas y un hijo, maravillosos; l\u00edder natural, solidario y compasivo, me encanta asumir desaf\u00edos en que hay espacio para la creatividad e innovaci\u00f3n al servicio de las personas. Disfruto de los deportes al aire libre y del saxo. Por qu\u00e9 [&hellip;]\" \/>\n<meta property=\"og:url\" content=\"https:\/\/qa.atrapasuenos.cl\/?page_id=8\" \/>\n<meta property=\"og:site_name\" content=\"Corporaci\u00f3n Atrapasue\u00f1os\" \/>\n<meta property=\"article:publisher\" content=\"https:\/\/www.facebook.com\/atrapasuenos.cl\" \/>\n<meta property=\"article:modified_time\" content=\"2024-08-29T20:55:37+00:00\" \/>\n<meta property=\"og:image\" content=\"https:\/\/qa.atrapasuenos.cl\/wp-content\/uploads\/2024\/08\/dr.-ochoa-1.png\" \/>\n<meta name=\"twitter:card\" content=\"summary_large_image\" \/>\n<meta name=\"twitter:label1\" content=\"Tiempo de lectura\" \/>\n\t<meta name=\"twitter:data1\" content=\"3 minutos\" \/>\n<script type=\"application\/ld+json\" class=\"yoast-schema-graph\">{\"@context\":\"https:\/\/schema.org\",\"@graph\":[{\"@type\":\"WebPage\",\"@id\":\"https:\/\/qa.atrapasuenos.cl\/?page_id=8\",\"url\":\"https:\/\/qa.atrapasuenos.cl\/?page_id=8\",\"name\":\"Directorio de Atrapasue\u00f1os - Corporaci\u00f3n Atrapasue\u00f1os\",\"isPartOf\":{\"@id\":\"https:\/\/qa.atrapasuenos.cl\/#website\"},\"primaryImageOfPage\":{\"@id\":\"https:\/\/qa.atrapasuenos.cl\/?page_id=8#primaryimage\"},\"image\":{\"@id\":\"https:\/\/qa.atrapasuenos.cl\/?page_id=8#primaryimage\"},\"thumbnailUrl\":\"https:\/\/qa.atrapasuenos.cl\/wp-content\/uploads\/2024\/08\/dr.-ochoa-1.png\",\"datePublished\":\"2011-01-10T03:12:26+00:00\",\"dateModified\":\"2024-08-29T20:55:37+00:00\",\"breadcrumb\":{\"@id\":\"https:\/\/qa.atrapasuenos.cl\/?page_id=8#breadcrumb\"},\"inLanguage\":\"es\",\"potentialAction\":[{\"@type\":\"ReadAction\",\"target\":[\"https:\/\/qa.atrapasuenos.cl\/?page_id=8\"]}]},{\"@type\":\"ImageObject\",\"inLanguage\":\"es\",\"@id\":\"https:\/\/qa.atrapasuenos.cl\/?page_id=8#primaryimage\",\"url\":\"https:\/\/qa.atrapasuenos.cl\/wp-content\/uploads\/2024\/08\/dr.-ochoa-1.png\",\"contentUrl\":\"https:\/\/qa.atrapasuenos.cl\/wp-content\/uploads\/2024\/08\/dr.-ochoa-1.png\"},{\"@type\":\"BreadcrumbList\",\"@id\":\"https:\/\/qa.atrapasuenos.cl\/?page_id=8#breadcrumb\",\"itemListElement\":[{\"@type\":\"ListItem\",\"position\":1,\"name\":\"Portada\",\"item\":\"https:\/\/qa.atrapasuenos.cl\/\"},{\"@type\":\"ListItem\",\"position\":2,\"name\":\"Qui\u00e9nes Somos\",\"item\":\"https:\/\/qa.atrapasuenos.cl\/?page_id=278\"},{\"@type\":\"ListItem\",\"position\":3,\"name\":\"Directorio de Atrapasue\u00f1os\"}]},{\"@type\":\"WebSite\",\"@id\":\"https:\/\/qa.atrapasuenos.cl\/#website\",\"url\":\"https:\/\/qa.atrapasuenos.cl\/\",\"name\":\"Corporaci\u00f3n Atrapasue\u00f1os\",\"description\":\"ILUMINA UNA VIDA, DONA SALUD MENTAL\",\"publisher\":{\"@id\":\"https:\/\/qa.atrapasuenos.cl\/#organization\"},\"potentialAction\":[{\"@type\":\"SearchAction\",\"target\":{\"@type\":\"EntryPoint\",\"urlTemplate\":\"https:\/\/qa.atrapasuenos.cl\/?s={search_term_string}\"},\"query-input\":{\"@type\":\"PropertyValueSpecification\",\"valueRequired\":true,\"valueName\":\"search_term_string\"}}],\"inLanguage\":\"es\"},{\"@type\":\"Organization\",\"@id\":\"https:\/\/qa.atrapasuenos.cl\/#organization\",\"name\":\"Corporaci\u00f3n Atrapasue\u00f1os\",\"url\":\"https:\/\/qa.atrapasuenos.cl\/\",\"logo\":{\"@type\":\"ImageObject\",\"inLanguage\":\"es\",\"@id\":\"https:\/\/qa.atrapasuenos.cl\/#\/schema\/logo\/image\/\",\"url\":\"http:\/\/www.atrapasuenos.cl\/wp-content\/uploads\/2021\/12\/GC_ATRAPASUENOS.png\",\"contentUrl\":\"http:\/\/www.atrapasuenos.cl\/wp-content\/uploads\/2021\/12\/GC_ATRAPASUENOS.png\",\"width\":300,\"height\":300,\"caption\":\"Corporaci\u00f3n Atrapasue\u00f1os\"},\"image\":{\"@id\":\"https:\/\/qa.atrapasuenos.cl\/#\/schema\/logo\/image\/\"},\"sameAs\":[\"https:\/\/www.facebook.com\/atrapasuenos.cl\",\"https:\/\/www.instagram.com\/atrapasuenos.corp\/\"]}]}<\/script>\n<!-- \/ Yoast SEO plugin. -->","yoast_head_json":{"title":"Directorio de Atrapasue\u00f1os - Corporaci\u00f3n Atrapasue\u00f1os","robots":{"index":"index","follow":"follow","max-snippet":"max-snippet:-1","max-image-preview":"max-image-preview:large","max-video-preview":"max-video-preview:-1"},"canonical":"https:\/\/qa.atrapasuenos.cl\/?page_id=8","og_locale":"es_ES","og_type":"article","og_title":"Directorio de Atrapasue\u00f1os - Corporaci\u00f3n Atrapasue\u00f1os","og_description":"Profesi\u00f3n: M\u00e9dico Psiquiatra de Adultos, con m\u00e1s de 30 a\u00f1os de experiencia profesional. Algo sobre m\u00ed: Casado, padre de 3 hijas y un hijo, maravillosos; l\u00edder natural, solidario y compasivo, me encanta asumir desaf\u00edos en que hay espacio para la creatividad e innovaci\u00f3n al servicio de las personas. Disfruto de los deportes al aire libre y del saxo. Por qu\u00e9 [&hellip;]","og_url":"https:\/\/qa.atrapasuenos.cl\/?page_id=8","og_site_name":"Corporaci\u00f3n Atrapasue\u00f1os","article_publisher":"https:\/\/www.facebook.com\/atrapasuenos.cl","article_modified_time":"2024-08-29T20:55:37+00:00","og_image":[{"url":"https:\/\/qa.atrapasuenos.cl\/wp-content\/uploads\/2024\/08\/dr.-ochoa-1.png"}],"twitter_card":"summary_large_image","twitter_misc":{"Tiempo de lectura":"3 minutos"},"schema":{"@context":"https:\/\/schema.org","@graph":[{"@type":"WebPage","@id":"https:\/\/qa.atrapasuenos.cl\/?page_id=8","url":"https:\/\/qa.atrapasuenos.cl\/?page_id=8","name":"Directorio de Atrapasue\u00f1os - Corporaci\u00f3n Atrapasue\u00f1os","isPartOf":{"@id":"https:\/\/qa.atrapasuenos.cl\/#website"},"primaryImageOfPage":{"@id":"https:\/\/qa.atrapasuenos.cl\/?page_id=8#primaryimage"},"image":{"@id":"https:\/\/qa.atrapasuenos.cl\/?page_id=8#primaryimage"},"thumbnailUrl":"https:\/\/qa.atrapasuenos.cl\/wp-content\/uploads\/2024\/08\/dr.-ochoa-1.png","datePublished":"2011-01-10T03:12:26+00:00","dateModified":"2024-08-29T20:55:37+00:00","breadcrumb":{"@id":"https:\/\/qa.atrapasuenos.cl\/?page_id=8#breadcrumb"},"inLanguage":"es","potentialAction":[{"@type":"ReadAction","target":["https:\/\/qa.atrapasuenos.cl\/?page_id=8"]}]},{"@type":"ImageObject","inLanguage":"es","@id":"https:\/\/qa.atrapasuenos.cl\/?page_id=8#primaryimage","url":"https:\/\/qa.atrapasuenos.cl\/wp-content\/uploads\/2024\/08\/dr.-ochoa-1.png","contentUrl":"https:\/\/qa.atrapasuenos.cl\/wp-content\/uploads\/2024\/08\/dr.-ochoa-1.png"},{"@type":"BreadcrumbList","@id":"https:\/\/qa.atrapasuenos.cl\/?page_id=8#breadcrumb","itemListElement":[{"@type":"ListItem","position":1,"name":"Portada","item":"https:\/\/qa.atrapasuenos.cl\/"},{"@type":"ListItem","position":2,"name":"Qui\u00e9nes Somos","item":"https:\/\/qa.atrapasuenos.cl\/?page_id=278"},{"@type":"ListItem","position":3,"name":"Directorio de Atrapasue\u00f1os"}]},{"@type":"WebSite","@id":"https:\/\/qa.atrapasuenos.cl\/#website","url":"https:\/\/qa.atrapasuenos.cl\/","name":"Corporaci\u00f3n Atrapasue\u00f1os","description":"ILUMINA UNA VIDA, DONA SALUD MENTAL","publisher":{"@id":"https:\/\/qa.atrapasuenos.cl\/#organization"},"potentialAction":[{"@type":"SearchAction","target":{"@type":"EntryPoint","urlTemplate":"https:\/\/qa.atrapasuenos.cl\/?s={search_term_string}"},"query-input":{"@type":"PropertyValueSpecification","valueRequired":true,"valueName":"search_term_string"}}],"inLanguage":"es"},{"@type":"Organization","@id":"https:\/\/qa.atrapasuenos.cl\/#organization","name":"Corporaci\u00f3n Atrapasue\u00f1os","url":"https:\/\/qa.atrapasuenos.cl\/","logo":{"@type":"ImageObject","inLanguage":"es","@id":"https:\/\/qa.atrapasuenos.cl\/#\/schema\/logo\/image\/","url":"http:\/\/www.atrapasuenos.cl\/wp-content\/uploads\/2021\/12\/GC_ATRAPASUENOS.png","contentUrl":"http:\/\/www.atrapasuenos.cl\/wp-content\/uploads\/2021\/12\/GC_ATRAPASUENOS.png","width":300,"height":300,"caption":"Corporaci\u00f3n Atrapasue\u00f1os"},"image":{"@id":"https:\/\/qa.atrapasuenos.cl\/#\/schema\/logo\/image\/"},"sameAs":["https:\/\/www.facebook.com\/atrapasuenos.cl","https:\/\/www.instagram.com\/atrapasuenos.corp\/"]}]}},"_links":{"self":[{"href":"https:\/\/qa.atrapasuenos.cl\/index.php?rest_route=\/wp\/v2\/pages\/8","targetHints":{"allow":["GET"]}}],"collection":[{"href":"https:\/\/qa.atrapasuenos.cl\/index.php?rest_route=\/wp\/v2\/pages"}],"about":[{"href":"https:\/\/qa.atrapasuenos.cl\/index.php?rest_route=\/wp\/v2\/types\/page"}],"author":[{"embeddable":true,"href":"https:\/\/qa.atrapasuenos.cl\/index.php?rest_route=\/wp\/v2\/users\/3"}],"replies":[{"embeddable":true,"href":"https:\/\/qa.atrapasuenos.cl\/index.php?rest_route=%2Fwp%2Fv2%2Fcomments&post=8"}],"version-history":[{"count":46,"href":"https:\/\/qa.atrapasuenos.cl\/index.php?rest_route=\/wp\/v2\/pages\/8\/revisions"}],"predecessor-version":[{"id":3011,"href":"https:\/\/qa.atrapasuenos.cl\/index.php?rest_route=\/wp\/v2\/pages\/8\/revisions\/3011"}],"up":[{"embeddable":true,"href":"https:\/\/qa.atrapasuenos.cl\/index.php?rest_route=\/wp\/v2\/pages\/278"}],"wp:attachment":[{"href":"https:\/\/qa.atrapasuenos.cl\/index.php?rest_route=%2Fwp%2Fv2%2Fmedia&parent=8"}],"curies":[{"name":"wp","href":"https:\/\/api.w.org\/{rel}","templated":true}]}}