{"id":367,"date":"2014-07-21T15:59:54","date_gmt":"2014-07-21T15:59:54","guid":{"rendered":"http:\/\/192.168.1.104\/restaurant-op\/?page_id=367"},"modified":"2022-12-07T18:17:03","modified_gmt":"2022-12-07T18:17:03","slug":"corporacion-sin-fines-de-lucro-quienes-somos","status":"publish","type":"page","link":"https:\/\/qa.atrapasuenos.cl\/?page_id=367","title":{"rendered":"\u00bfQUI\u00c9NES SOMOS?"},"content":{"rendered":"\n<figure class=\"wp-block-gallery alignleft has-nested-images columns-default is-cropped wp-block-gallery-1 is-layout-flex wp-block-gallery-is-layout-flex\">\n<figure class=\"wp-block-image size-large\"><a href=\"http:\/\/www.atrapasuenos.cl\/wp-content\/uploads\/2022\/09\/foto-6-todos.jpg\"><img loading=\"lazy\" decoding=\"async\" width=\"1008\" height=\"663\" data-id=\"2171\" src=\"http:\/\/www.atrapasuenos.cl\/wp-content\/uploads\/2022\/09\/foto-6-todos.jpg\" alt=\"\" class=\"wp-image-2171\" srcset=\"https:\/\/qa.atrapasuenos.cl\/wp-content\/uploads\/2022\/09\/foto-6-todos.jpg 1008w, https:\/\/qa.atrapasuenos.cl\/wp-content\/uploads\/2022\/09\/foto-6-todos-350x230.jpg 350w, https:\/\/qa.atrapasuenos.cl\/wp-content\/uploads\/2022\/09\/foto-6-todos-300x197.jpg 300w, https:\/\/qa.atrapasuenos.cl\/wp-content\/uploads\/2022\/09\/foto-6-todos-768x505.jpg 768w\" sizes=\"auto, (max-width: 1008px) 100vw, 1008px\" \/><\/a><figcaption class=\"wp-element-caption\">Somos Corporaci\u00f3n Atrapasue\u00f1os<\/figcaption><\/figure>\n<figcaption class=\"blocks-gallery-caption wp-element-caption\">\u00bfQUI\u00c9NES SOMOS?<\/figcaption><\/figure>\n\n\n\n<p class=\"has-text-align-left\"><span style=\"color: #333333;\">Somos una Corporaci\u00f3n sin fines de lucro con Personalidad Jur\u00eddica, parte de <strong>Grupo Cetep<\/strong>, formada en el a\u00f1o 2010 por profesionales vinculados al \u00e1rea de la <span style=\"color: #ff99cc;\"><strong>Salud Mental<\/strong><\/span> e inspirados por el quehacer y trabajo del Doctor Mario Vidal Climent, quien fue uno de los maestros precursores de la Psiquiatr\u00eda Social en Chile. <\/span><\/p>\n\n\n\n<p class=\"has-text-align-left\"><span style=\"color: #333333;\">Ante la necesidad de continuar con su ejemplo de coherencia e integralidad, Atrapasue\u00f1os surge con el <span style=\"color: #ff99cc;\"><strong>prop\u00f3sito de desarrollar estrategias y oportunidades<\/strong><\/span> de desarrollo para aquellas comunidades que se encuentran en riesgo psicosocial afectadas por alguna condici\u00f3n de Salud Mental.<\/span><\/p>\n\n\n\n<p class=\"has-text-align-left\"><span style=\"color: #333333;\">Es por esto que nuestro <span style=\"color: #ff99cc;\"><strong>objetivo<\/strong><\/span> es generar un espacio de encuentro de colaboradores para proporcionar proyectos orientados en la investigaci\u00f3n, docencia, promoci\u00f3n, prevenci\u00f3n, tratamiento y rehabilitaci\u00f3n psicosocial, a fin de responder a las necesidades de esta poblaci\u00f3n y contribuir al desarrollo social de nuestro pa\u00eds.<\/span><\/p>\n\n\n\n<h5 class=\"wp-block-heading\"><span style=\"color: #ff99cc;\">MISI\u00d3N<\/span><\/h5>\n\n\n\n<p class=\"has-text-align-left\"><span style=\"color: #333333;\">La Misi\u00f3n de la Corporaci\u00f3n Atrapasue\u00f1os es promover las condiciones necesarias para el pleno desarrollo de personas y comunidades vulnerables de nuestra sociedad afectadas por problemas de salud mental.<\/span><\/p>\n\n\n\n<h5 class=\"wp-block-heading\"><span style=\"color: #ff99cc;\">VISI\u00d3N<\/span><\/h5>\n\n\n\n<p class=\"has-text-align-left\"><span style=\"color: #333333;\">Ser una instituci\u00f3n trascendente en la sociedad chilena, que aporte con un espacio de encuentro entre quienes anhelan entregar oportunidades de pleno desarrollo a personas socialmente vulnerables, afectadas por problemas de salud mental, y quienes necesitan de esas oportunidades.<\/span><\/p>\n\n\n\n<h5 class=\"wp-block-heading\"><span style=\"color: #ff99cc;\">NUESTROS VALORES<\/span><\/h5>\n\n\n\n<p><span style=\"color: #333333;\">\ud83d\udc9a&nbsp;Solidaridad<\/span><br><span style=\"color: #333333;\">\ud83d\udc9b Participaci\u00f3n e Integraci\u00f3n<\/span><br><span style=\"color: #333333;\">\ud83e\udde1 Diversidad<\/span><br><span style=\"color: #333333;\">\ud83d\udc9c Eficiencia<\/span><br><span style=\"color: #333333;\">\u2764\ufe0f Enfoque Integral<\/span><br><span style=\"color: #333333;\">\ud83d\udc99 Transparencia<\/span><\/p>\n\n\n\n<div class=\"wp-block-columns has-white-background-color has-background is-layout-flex wp-container-core-columns-is-layout-2 wp-block-columns-is-layout-flex\">\n<div class=\"wp-block-column is-layout-flow wp-block-column-is-layout-flow\" style=\"flex-basis:100%\">\n<div class=\"wp-block-columns is-layout-flex wp-container-core-columns-is-layout-1 wp-block-columns-is-layout-flex\">\n<div class=\"wp-block-column is-layout-flow wp-block-column-is-layout-flow\" style=\"flex-basis:100%\">\t\t<div id=\"sbi_mod_error\" >\n\t\t\t<span>Este mensaje de error solo es visible para los administradores de WordPress<\/span><br \/>\n\t\t\t<p><strong>Error: No se ha encontrado ning\u00fan feed.<\/strong>\n\t\t\t<p>Por favor, ve a la p\u00e1gina de ajustes de Instagram Feed para crear un feed.<\/p>\n\t\t<\/div>\n\t\t<\/div>\n<\/div>\n<\/div>\n<\/div>\n\n\n\n<p><strong>Cont\u00e1ctanos: Tel\u00e9fono de Mesa de Ayuda de Grupo Cetep: 2 3210 1593 \/ mail: contacto@atrapasuenos.cl<\/strong> <\/p>\n\n\n\n<p><\/p>\n","protected":false},"excerpt":{"rendered":"<p>Somos una Corporaci\u00f3n sin fines de lucro con Personalidad Jur\u00eddica, parte de Grupo Cetep, formada en el a\u00f1o 2010 por profesionales vinculados al \u00e1rea de la Salud Mental e inspirados por el quehacer y trabajo del Doctor Mario Vidal Climent, quien fue uno de los maestros precursores de la Psiquiatr\u00eda Social en Chile. Ante la necesidad de continuar con su [&hellip;]<\/p>\n","protected":false},"author":3,"featured_media":0,"parent":0,"menu_order":0,"comment_status":"closed","ping_status":"closed","template":"","meta":{"footnotes":""},"class_list":["post-367","page","type-page","status-publish","hentry"],"yoast_head":"<!-- This site is optimized with the Yoast SEO plugin v23.4 - https:\/\/yoast.com\/wordpress\/plugins\/seo\/ -->\n<title>Atrapasue\u00f1os - Corporaci\u00f3n sin fines de lucro - \u00bfQui\u00e9nes Somos?<\/title>\n<meta name=\"description\" content=\"\u00bfQui\u00e9nes Somos? Somos una Corporaci\u00f3n sin fines de lucro que busca promover las condiciones necesarias para el pleno desarrollo de personas y comunidades vulnerables de nuestra sociedad, afectadas por problemas de Salud Mental. \u00a1Con\u00f3cenos y s\u00famate a nuestra causa!\" \/>\n<meta name=\"robots\" content=\"index, follow, max-snippet:-1, max-image-preview:large, max-video-preview:-1\" \/>\n<link rel=\"canonical\" href=\"https:\/\/qa.atrapasuenos.cl\/?page_id=367\" \/>\n<meta property=\"og:locale\" content=\"es_ES\" \/>\n<meta property=\"og:type\" content=\"article\" \/>\n<meta property=\"og:title\" content=\"Atrapasue\u00f1os - Corporaci\u00f3n sin fines de lucro - \u00bfQui\u00e9nes Somos?\" \/>\n<meta property=\"og:description\" content=\"\u00bfQui\u00e9nes Somos? Somos una Corporaci\u00f3n sin fines de lucro que busca promover las condiciones necesarias para el pleno desarrollo de personas y comunidades vulnerables de nuestra sociedad, afectadas por problemas de Salud Mental. \u00a1Con\u00f3cenos y s\u00famate a nuestra causa!\" \/>\n<meta property=\"og:url\" content=\"https:\/\/qa.atrapasuenos.cl\/?page_id=367\" \/>\n<meta property=\"og:site_name\" content=\"Corporaci\u00f3n Atrapasue\u00f1os\" \/>\n<meta property=\"article:publisher\" content=\"https:\/\/www.facebook.com\/atrapasuenos.cl\" \/>\n<meta property=\"article:modified_time\" content=\"2022-12-07T18:17:03+00:00\" \/>\n<meta property=\"og:image\" content=\"http:\/\/www.atrapasuenos.cl\/wp-content\/uploads\/2022\/09\/foto-6-todos.jpg\" \/>\n<meta name=\"twitter:card\" content=\"summary_large_image\" \/>\n<meta name=\"twitter:label1\" content=\"Tiempo de lectura\" \/>\n\t<meta name=\"twitter:data1\" content=\"2 minutos\" \/>\n<script type=\"application\/ld+json\" class=\"yoast-schema-graph\">{\"@context\":\"https:\/\/schema.org\",\"@graph\":[{\"@type\":\"WebPage\",\"@id\":\"https:\/\/qa.atrapasuenos.cl\/?page_id=367\",\"url\":\"https:\/\/qa.atrapasuenos.cl\/?page_id=367\",\"name\":\"Atrapasue\u00f1os - Corporaci\u00f3n sin fines de lucro - \u00bfQui\u00e9nes Somos?\",\"isPartOf\":{\"@id\":\"https:\/\/qa.atrapasuenos.cl\/#website\"},\"primaryImageOfPage\":{\"@id\":\"https:\/\/qa.atrapasuenos.cl\/?page_id=367#primaryimage\"},\"image\":{\"@id\":\"https:\/\/qa.atrapasuenos.cl\/?page_id=367#primaryimage\"},\"thumbnailUrl\":\"http:\/\/www.atrapasuenos.cl\/wp-content\/uploads\/2022\/09\/foto-6-todos.jpg\",\"datePublished\":\"2014-07-21T15:59:54+00:00\",\"dateModified\":\"2022-12-07T18:17:03+00:00\",\"description\":\"\u00bfQui\u00e9nes Somos? Somos una Corporaci\u00f3n sin fines de lucro que busca promover las condiciones necesarias para el pleno desarrollo de personas y comunidades vulnerables de nuestra sociedad, afectadas por problemas de Salud Mental. \u00a1Con\u00f3cenos y s\u00famate a nuestra causa!\",\"breadcrumb\":{\"@id\":\"https:\/\/qa.atrapasuenos.cl\/?page_id=367#breadcrumb\"},\"inLanguage\":\"es\",\"potentialAction\":[{\"@type\":\"ReadAction\",\"target\":[\"https:\/\/qa.atrapasuenos.cl\/?page_id=367\"]}]},{\"@type\":\"ImageObject\",\"inLanguage\":\"es\",\"@id\":\"https:\/\/qa.atrapasuenos.cl\/?page_id=367#primaryimage\",\"url\":\"http:\/\/www.atrapasuenos.cl\/wp-content\/uploads\/2022\/09\/foto-6-todos.jpg\",\"contentUrl\":\"http:\/\/www.atrapasuenos.cl\/wp-content\/uploads\/2022\/09\/foto-6-todos.jpg\"},{\"@type\":\"BreadcrumbList\",\"@id\":\"https:\/\/qa.atrapasuenos.cl\/?page_id=367#breadcrumb\",\"itemListElement\":[{\"@type\":\"ListItem\",\"position\":1,\"name\":\"Portada\",\"item\":\"https:\/\/qa.atrapasuenos.cl\/\"},{\"@type\":\"ListItem\",\"position\":2,\"name\":\"\u00bfQUI\u00c9NES SOMOS?\"}]},{\"@type\":\"WebSite\",\"@id\":\"https:\/\/qa.atrapasuenos.cl\/#website\",\"url\":\"https:\/\/qa.atrapasuenos.cl\/\",\"name\":\"Corporaci\u00f3n Atrapasue\u00f1os\",\"description\":\"ILUMINA UNA VIDA, DONA SALUD MENTAL\",\"publisher\":{\"@id\":\"https:\/\/qa.atrapasuenos.cl\/#organization\"},\"potentialAction\":[{\"@type\":\"SearchAction\",\"target\":{\"@type\":\"EntryPoint\",\"urlTemplate\":\"https:\/\/qa.atrapasuenos.cl\/?s={search_term_string}\"},\"query-input\":{\"@type\":\"PropertyValueSpecification\",\"valueRequired\":true,\"valueName\":\"search_term_string\"}}],\"inLanguage\":\"es\"},{\"@type\":\"Organization\",\"@id\":\"https:\/\/qa.atrapasuenos.cl\/#organization\",\"name\":\"Corporaci\u00f3n Atrapasue\u00f1os\",\"url\":\"https:\/\/qa.atrapasuenos.cl\/\",\"logo\":{\"@type\":\"ImageObject\",\"inLanguage\":\"es\",\"@id\":\"https:\/\/qa.atrapasuenos.cl\/#\/schema\/logo\/image\/\",\"url\":\"http:\/\/www.atrapasuenos.cl\/wp-content\/uploads\/2021\/12\/GC_ATRAPASUENOS.png\",\"contentUrl\":\"http:\/\/www.atrapasuenos.cl\/wp-content\/uploads\/2021\/12\/GC_ATRAPASUENOS.png\",\"width\":300,\"height\":300,\"caption\":\"Corporaci\u00f3n Atrapasue\u00f1os\"},\"image\":{\"@id\":\"https:\/\/qa.atrapasuenos.cl\/#\/schema\/logo\/image\/\"},\"sameAs\":[\"https:\/\/www.facebook.com\/atrapasuenos.cl\",\"https:\/\/www.instagram.com\/atrapasuenos.corp\/\"]}]}<\/script>\n<!-- \/ Yoast SEO plugin. -->","yoast_head_json":{"title":"Atrapasue\u00f1os - Corporaci\u00f3n sin fines de lucro - \u00bfQui\u00e9nes Somos?","description":"\u00bfQui\u00e9nes Somos? Somos una Corporaci\u00f3n sin fines de lucro que busca promover las condiciones necesarias para el pleno desarrollo de personas y comunidades vulnerables de nuestra sociedad, afectadas por problemas de Salud Mental. \u00a1Con\u00f3cenos y s\u00famate a nuestra causa!","robots":{"index":"index","follow":"follow","max-snippet":"max-snippet:-1","max-image-preview":"max-image-preview:large","max-video-preview":"max-video-preview:-1"},"canonical":"https:\/\/qa.atrapasuenos.cl\/?page_id=367","og_locale":"es_ES","og_type":"article","og_title":"Atrapasue\u00f1os - Corporaci\u00f3n sin fines de lucro - \u00bfQui\u00e9nes Somos?","og_description":"\u00bfQui\u00e9nes Somos? Somos una Corporaci\u00f3n sin fines de lucro que busca promover las condiciones necesarias para el pleno desarrollo de personas y comunidades vulnerables de nuestra sociedad, afectadas por problemas de Salud Mental. \u00a1Con\u00f3cenos y s\u00famate a nuestra causa!","og_url":"https:\/\/qa.atrapasuenos.cl\/?page_id=367","og_site_name":"Corporaci\u00f3n Atrapasue\u00f1os","article_publisher":"https:\/\/www.facebook.com\/atrapasuenos.cl","article_modified_time":"2022-12-07T18:17:03+00:00","og_image":[{"url":"http:\/\/www.atrapasuenos.cl\/wp-content\/uploads\/2022\/09\/foto-6-todos.jpg"}],"twitter_card":"summary_large_image","twitter_misc":{"Tiempo de lectura":"2 minutos"},"schema":{"@context":"https:\/\/schema.org","@graph":[{"@type":"WebPage","@id":"https:\/\/qa.atrapasuenos.cl\/?page_id=367","url":"https:\/\/qa.atrapasuenos.cl\/?page_id=367","name":"Atrapasue\u00f1os - Corporaci\u00f3n sin fines de lucro - \u00bfQui\u00e9nes Somos?","isPartOf":{"@id":"https:\/\/qa.atrapasuenos.cl\/#website"},"primaryImageOfPage":{"@id":"https:\/\/qa.atrapasuenos.cl\/?page_id=367#primaryimage"},"image":{"@id":"https:\/\/qa.atrapasuenos.cl\/?page_id=367#primaryimage"},"thumbnailUrl":"http:\/\/www.atrapasuenos.cl\/wp-content\/uploads\/2022\/09\/foto-6-todos.jpg","datePublished":"2014-07-21T15:59:54+00:00","dateModified":"2022-12-07T18:17:03+00:00","description":"\u00bfQui\u00e9nes Somos? Somos una Corporaci\u00f3n sin fines de lucro que busca promover las condiciones necesarias para el pleno desarrollo de personas y comunidades vulnerables de nuestra sociedad, afectadas por problemas de Salud Mental. \u00a1Con\u00f3cenos y s\u00famate a nuestra causa!","breadcrumb":{"@id":"https:\/\/qa.atrapasuenos.cl\/?page_id=367#breadcrumb"},"inLanguage":"es","potentialAction":[{"@type":"ReadAction","target":["https:\/\/qa.atrapasuenos.cl\/?page_id=367"]}]},{"@type":"ImageObject","inLanguage":"es","@id":"https:\/\/qa.atrapasuenos.cl\/?page_id=367#primaryimage","url":"http:\/\/www.atrapasuenos.cl\/wp-content\/uploads\/2022\/09\/foto-6-todos.jpg","contentUrl":"http:\/\/www.atrapasuenos.cl\/wp-content\/uploads\/2022\/09\/foto-6-todos.jpg"},{"@type":"BreadcrumbList","@id":"https:\/\/qa.atrapasuenos.cl\/?page_id=367#breadcrumb","itemListElement":[{"@type":"ListItem","position":1,"name":"Portada","item":"https:\/\/qa.atrapasuenos.cl\/"},{"@type":"ListItem","position":2,"name":"\u00bfQUI\u00c9NES SOMOS?"}]},{"@type":"WebSite","@id":"https:\/\/qa.atrapasuenos.cl\/#website","url":"https:\/\/qa.atrapasuenos.cl\/","name":"Corporaci\u00f3n Atrapasue\u00f1os","description":"ILUMINA UNA VIDA, DONA SALUD MENTAL","publisher":{"@id":"https:\/\/qa.atrapasuenos.cl\/#organization"},"potentialAction":[{"@type":"SearchAction","target":{"@type":"EntryPoint","urlTemplate":"https:\/\/qa.atrapasuenos.cl\/?s={search_term_string}"},"query-input":{"@type":"PropertyValueSpecification","valueRequired":true,"valueName":"search_term_string"}}],"inLanguage":"es"},{"@type":"Organization","@id":"https:\/\/qa.atrapasuenos.cl\/#organization","name":"Corporaci\u00f3n Atrapasue\u00f1os","url":"https:\/\/qa.atrapasuenos.cl\/","logo":{"@type":"ImageObject","inLanguage":"es","@id":"https:\/\/qa.atrapasuenos.cl\/#\/schema\/logo\/image\/","url":"http:\/\/www.atrapasuenos.cl\/wp-content\/uploads\/2021\/12\/GC_ATRAPASUENOS.png","contentUrl":"http:\/\/www.atrapasuenos.cl\/wp-content\/uploads\/2021\/12\/GC_ATRAPASUENOS.png","width":300,"height":300,"caption":"Corporaci\u00f3n Atrapasue\u00f1os"},"image":{"@id":"https:\/\/qa.atrapasuenos.cl\/#\/schema\/logo\/image\/"},"sameAs":["https:\/\/www.facebook.com\/atrapasuenos.cl","https:\/\/www.instagram.com\/atrapasuenos.corp\/"]}]}},"_links":{"self":[{"href":"https:\/\/qa.atrapasuenos.cl\/index.php?rest_route=\/wp\/v2\/pages\/367","targetHints":{"allow":["GET"]}}],"collection":[{"href":"https:\/\/qa.atrapasuenos.cl\/index.php?rest_route=\/wp\/v2\/pages"}],"about":[{"href":"https:\/\/qa.atrapasuenos.cl\/index.php?rest_route=\/wp\/v2\/types\/page"}],"author":[{"embeddable":true,"href":"https:\/\/qa.atrapasuenos.cl\/index.php?rest_route=\/wp\/v2\/users\/3"}],"replies":[{"embeddable":true,"href":"https:\/\/qa.atrapasuenos.cl\/index.php?rest_route=%2Fwp%2Fv2%2Fcomments&post=367"}],"version-history":[{"count":51,"href":"https:\/\/qa.atrapasuenos.cl\/index.php?rest_route=\/wp\/v2\/pages\/367\/revisions"}],"predecessor-version":[{"id":2223,"href":"https:\/\/qa.atrapasuenos.cl\/index.php?rest_route=\/wp\/v2\/pages\/367\/revisions\/2223"}],"wp:attachment":[{"href":"https:\/\/qa.atrapasuenos.cl\/index.php?rest_route=%2Fwp%2Fv2%2Fmedia&parent=367"}],"curies":[{"name":"wp","href":"https:\/\/api.w.org\/{rel}","templated":true}]}}