{"id":2460,"date":"2023-07-25T16:48:48","date_gmt":"2023-07-25T16:48:48","guid":{"rendered":"https:\/\/qa.atrapasuenos.cl\/?page_id=2460"},"modified":"2026-03-04T14:42:14","modified_gmt":"2026-03-04T14:42:14","slug":"somos-atrapasuenos","status":"publish","type":"page","link":"https:\/\/qa.atrapasuenos.cl\/","title":{"rendered":"Somos Atrapasue\u00f1os, una Corporaci\u00f3n sin Fines de Lucro de Grupo Cetep"},"content":{"rendered":"\n<p>La Corporaci\u00f3n Dr. Mario Vidal Climent m\u00e1s conocida como Atrapasue\u00f1os, es una Corporaci\u00f3n sin fines de lucro, parte de Grupo Cetep, formada en el a\u00f1o 2010 por profesionales vinculados al \u00e1rea de la Salud Mental.<\/p>\n\n\n<div class=\"wp-block-image\">\n<figure class=\"aligncenter size-large is-resized\"><a href=\"https:\/\/qa.atrapasuenos.cl\/wp-content\/uploads\/2026\/01\/Diseno-sin-titulo.jpg\"><img loading=\"lazy\" decoding=\"async\" width=\"1030\" height=\"579\" src=\"https:\/\/qa.atrapasuenos.cl\/wp-content\/uploads\/2026\/01\/Diseno-sin-titulo-1030x579.jpg\" alt=\"\" class=\"wp-image-3221\" style=\"width:804px;height:auto\" srcset=\"https:\/\/qa.atrapasuenos.cl\/wp-content\/uploads\/2026\/01\/Diseno-sin-titulo-1030x579.jpg 1030w, https:\/\/qa.atrapasuenos.cl\/wp-content\/uploads\/2026\/01\/Diseno-sin-titulo-300x169.jpg 300w, https:\/\/qa.atrapasuenos.cl\/wp-content\/uploads\/2026\/01\/Diseno-sin-titulo-768x432.jpg 768w, https:\/\/qa.atrapasuenos.cl\/wp-content\/uploads\/2026\/01\/Diseno-sin-titulo-1536x864.jpg 1536w, https:\/\/qa.atrapasuenos.cl\/wp-content\/uploads\/2026\/01\/Diseno-sin-titulo.jpg 1920w\" sizes=\"auto, (max-width: 1030px) 100vw, 1030px\" \/><\/a><figcaption class=\"wp-element-caption\">Almuerzo fin de a\u00f1o 2025: Fundadores, socios, voluntarias y equipo Coordinador<\/figcaption><\/figure><\/div>\n\n\n<p>Atrapasue\u00f1os fue creada gracias a la inspiraci\u00f3n del trabajo del Doctor Mario Vidal Climent, quien es uno de los maestros precursores de la Psiquiatr\u00eda Social en Chile.<\/p>\n\n\n<div class=\"wp-block-image is-resized\">\n<figure class=\"aligncenter size-full\"><a href=\"https:\/\/qa.atrapasuenos.cl\/wp-content\/uploads\/2023\/07\/foto-DR.jpg\"><img loading=\"lazy\" decoding=\"async\" width=\"1009\" height=\"672\" src=\"https:\/\/qa.atrapasuenos.cl\/wp-content\/uploads\/2023\/07\/foto-DR.jpg\" alt=\"\" class=\"wp-image-2509\" style=\"width:719px;height:auto\" srcset=\"https:\/\/qa.atrapasuenos.cl\/wp-content\/uploads\/2023\/07\/foto-DR.jpg 1009w, https:\/\/qa.atrapasuenos.cl\/wp-content\/uploads\/2023\/07\/foto-DR-300x200.jpg 300w, https:\/\/qa.atrapasuenos.cl\/wp-content\/uploads\/2023\/07\/foto-DR-768x511.jpg 768w, https:\/\/qa.atrapasuenos.cl\/wp-content\/uploads\/2023\/07\/foto-DR-600x400.jpg 600w\" sizes=\"auto, (max-width: 1009px) 100vw, 1009px\" \/><\/a><figcaption class=\"wp-element-caption\">Homenaje Dr. Mario Vidal 2022<\/figcaption><\/figure><\/div>\n\n\n<p>Nuestra Corporaci\u00f3n surge ante la necesidad de continuar con su ejemplo de coherencia e integralidad, buscando proyectos orientados a la investigaci\u00f3n, docencia, promoci\u00f3n, prevenci\u00f3n, tratamiento y rehabilitaci\u00f3n psicosocial, a fin de responder a las necesidades de la poblaci\u00f3n y contribuir al desarrollo social de nuestro pa\u00eds. <\/p>\n\n\n<div class=\"wp-block-image\">\n<figure class=\"aligncenter size-full is-resized\"><a href=\"https:\/\/qa.atrapasuenos.cl\/wp-content\/uploads\/2026\/03\/Grafico-Empresa-Equipo-de-Trabajo-Formas-Geometricas-Moderno-Multicolor-3.png\"><img loading=\"lazy\" decoding=\"async\" width=\"1024\" height=\"768\" src=\"https:\/\/qa.atrapasuenos.cl\/wp-content\/uploads\/2026\/03\/Grafico-Empresa-Equipo-de-Trabajo-Formas-Geometricas-Moderno-Multicolor-3.png\" alt=\"\" class=\"wp-image-3255\" style=\"width:808px;height:auto\" srcset=\"https:\/\/qa.atrapasuenos.cl\/wp-content\/uploads\/2026\/03\/Grafico-Empresa-Equipo-de-Trabajo-Formas-Geometricas-Moderno-Multicolor-3.png 1024w, https:\/\/qa.atrapasuenos.cl\/wp-content\/uploads\/2026\/03\/Grafico-Empresa-Equipo-de-Trabajo-Formas-Geometricas-Moderno-Multicolor-3-300x225.png 300w, https:\/\/qa.atrapasuenos.cl\/wp-content\/uploads\/2026\/03\/Grafico-Empresa-Equipo-de-Trabajo-Formas-Geometricas-Moderno-Multicolor-3-768x576.png 768w\" sizes=\"auto, (max-width: 1024px) 100vw, 1024px\" \/><\/a><\/figure><\/div>\n\n\n<p>\ud83e\udde1<strong><mark style=\"background-color:rgba(0, 0, 0, 0)\" class=\"has-inline-color has-luminous-vivid-orange-color\">Banco de Horas<\/mark><\/strong><\/p>\n\n\n\n<p>El Banco de Horas funciona gracias al aporte de horas de atenci\u00f3n de diversos profesionales de la Salud que son parte de Grupo Cetep, y entrega atenciones psicol\u00f3gicas y psiqui\u00e1tricas gratuitas a personas en situaci\u00f3n de vulnerabilidad, gracias a alianzas con diversas organizaciones sociales. Se adapta a distintas realidades y actualmente se implementa en los siguientes espacios:<\/p>\n\n\n\n<hr class=\"wp-block-separator has-alpha-channel-opacity\"\/>\n\n\n\n<h5 class=\"wp-block-heading\">\ud83e\udde1 Banco de Horas Ampliado<\/h5>\n\n\n\n<p>Atiende con Salud Mental a personas mayores de 18 a\u00f1os, sin restricciones por sexo, edad o ubicaci\u00f3n. Est\u00e1 pensado para organizaciones con usuarios\/as diversos.<\/p>\n\n\n\n<hr class=\"wp-block-separator has-alpha-channel-opacity\"\/>\n\n\n\n<h5 class=\"wp-block-heading\">\ud83e\udde1 Recuperando una Maternidad Saludable<\/h5>\n\n\n\n<p>Proyecto aprobado por el Ministerio de Desarrollo Social. Brinda atenci\u00f3n gratuita a mujeres embarazadas o en puerperio con patolog\u00edas del \u00e1nimo, incluyendo tratamiento psicol\u00f3gico, psiqui\u00e1trico y farmacol\u00f3gico.<\/p>\n\n\n\n<hr class=\"wp-block-separator has-alpha-channel-opacity\"\/>\n\n\n\n<h5 class=\"wp-block-heading\">\ud83e\udde1 Programa Bienestar Mujer<\/h5>\n\n\n\n<p>Iniciativa creada en 2025 por Grupo Cetep junto a la Municipalidad de Santiago y BCI Seguros. En este programa entregamos atenciones de Salud Mental a mujeres que cumplen con ciertos criterios de admisi\u00f3n.<\/p>\n\n\n<div class=\"wp-block-image is-resized\">\n<figure class=\"aligncenter size-full\"><a href=\"https:\/\/qa.atrapasuenos.cl\/wp-content\/uploads\/2023\/07\/grupo-cetep-2022.png\"><img loading=\"lazy\" decoding=\"async\" width=\"613\" height=\"793\" src=\"https:\/\/qa.atrapasuenos.cl\/wp-content\/uploads\/2023\/07\/grupo-cetep-2022.png\" alt=\"\" class=\"wp-image-2468\" style=\"width:197px;height:auto\" srcset=\"https:\/\/qa.atrapasuenos.cl\/wp-content\/uploads\/2023\/07\/grupo-cetep-2022.png 613w, https:\/\/qa.atrapasuenos.cl\/wp-content\/uploads\/2023\/07\/grupo-cetep-2022-232x300.png 232w\" sizes=\"auto, (max-width: 613px) 100vw, 613px\" \/><\/a><figcaption class=\"wp-element-caption\"><a href=\"https:\/\/web.cetep.cl\/cetep-sedes-las-condes\/?utm_source=Google_ADS&amp;utm_medium=Sede_Los_Leones_ads&amp;utm_campaign=Sede_Losleones+&amp;utm_content=Sede_Losleones&amp;gclid=Cj0KCQjwldKmBhCCARIsAP-0rfyy03cFLopI_7Uf-zSH199rCqSU4DFO9ze5MqKwZpQU5gi7awg4kPMaAgfOEALw_wcB\" target=\"_blank\" rel=\"noreferrer noopener\">SOMOS UNA CORPORACI\u00d3N SIN FINES DE LUCRO DE GRUPO CETEP<\/a><\/figcaption><\/figure><\/div>\n\n\n<p><a href=\"https:\/\/www.atrapasuenos.cl\/?page_id=2352\" target=\"_blank\" rel=\"noreferrer noopener\"><strong><mark style=\"background-color:rgba(0, 0, 0, 0)\" class=\"has-inline-color has-luminous-vivid-orange-color\">Si quieres m\u00e1s informaci\u00f3n, cont\u00e1ctanos, te estamos esperando<\/mark><\/strong><\/a>\ud83d\udc48<\/p>\n\n\n\n<div class=\"wp-block-buttons has-luminous-vivid-orange-background-color has-background is-content-justification-center is-layout-flex wp-container-core-buttons-is-layout-1 wp-block-buttons-is-layout-flex\">\n<div class=\"wp-block-button\"><a class=\"wp-block-button__link wp-element-button\" href=\"https:\/\/link.mercadopago.cl\/corporacionatrapa\" target=\"_blank\" rel=\"noreferrer noopener\">QUIERO COLABORAR<\/a><\/div>\n<\/div>\n","protected":false},"excerpt":{"rendered":"<p>La Corporaci\u00f3n Dr. Mario Vidal Climent m\u00e1s conocida como Atrapasue\u00f1os, es una Corporaci\u00f3n sin fines de lucro, parte de Grupo Cetep, formada en el a\u00f1o 2010 por profesionales vinculados al \u00e1rea de la Salud Mental. Atrapasue\u00f1os fue creada gracias a la inspiraci\u00f3n del trabajo del Doctor Mario Vidal Climent, quien es uno de los maestros precursores de la Psiquiatr\u00eda Social [&hellip;]<\/p>\n","protected":false},"author":3,"featured_media":0,"parent":0,"menu_order":0,"comment_status":"closed","ping_status":"closed","template":"","meta":{"footnotes":""},"class_list":["post-2460","page","type-page","status-publish","hentry"],"yoast_head":"<!-- This site is optimized with the Yoast SEO plugin v23.4 - https:\/\/yoast.com\/wordpress\/plugins\/seo\/ -->\n<title>Somos Atrapasue\u00f1os, una Corporaci\u00f3n sin Fines de Lucro de Grupo Cetep - Corporaci\u00f3n Atrapasue\u00f1os<\/title>\n<meta name=\"robots\" content=\"index, follow, max-snippet:-1, max-image-preview:large, max-video-preview:-1\" \/>\n<link rel=\"canonical\" href=\"https:\/\/qa.atrapasuenos.cl\/\" \/>\n<meta property=\"og:locale\" content=\"es_ES\" \/>\n<meta property=\"og:type\" content=\"article\" \/>\n<meta property=\"og:title\" content=\"Somos Atrapasue\u00f1os, una Corporaci\u00f3n sin Fines de Lucro de Grupo Cetep - Corporaci\u00f3n Atrapasue\u00f1os\" \/>\n<meta property=\"og:description\" content=\"La Corporaci\u00f3n Dr. Mario Vidal Climent m\u00e1s conocida como Atrapasue\u00f1os, es una Corporaci\u00f3n sin fines de lucro, parte de Grupo Cetep, formada en el a\u00f1o 2010 por profesionales vinculados al \u00e1rea de la Salud Mental. Atrapasue\u00f1os fue creada gracias a la inspiraci\u00f3n del trabajo del Doctor Mario Vidal Climent, quien es uno de los maestros precursores de la Psiquiatr\u00eda Social [&hellip;]\" \/>\n<meta property=\"og:url\" content=\"https:\/\/qa.atrapasuenos.cl\/\" \/>\n<meta property=\"og:site_name\" content=\"Corporaci\u00f3n Atrapasue\u00f1os\" \/>\n<meta property=\"article:publisher\" content=\"https:\/\/www.facebook.com\/atrapasuenos.cl\" \/>\n<meta property=\"article:modified_time\" content=\"2026-03-04T14:42:14+00:00\" \/>\n<meta property=\"og:image\" content=\"https:\/\/qa.atrapasuenos.cl\/wp-content\/uploads\/2026\/01\/Diseno-sin-titulo-1030x579.jpg\" \/>\n<meta name=\"twitter:card\" content=\"summary_large_image\" \/>\n<meta name=\"twitter:label1\" content=\"Tiempo de lectura\" \/>\n\t<meta name=\"twitter:data1\" content=\"3 minutos\" \/>\n<script type=\"application\/ld+json\" class=\"yoast-schema-graph\">{\"@context\":\"https:\/\/schema.org\",\"@graph\":[{\"@type\":\"WebPage\",\"@id\":\"https:\/\/qa.atrapasuenos.cl\/\",\"url\":\"https:\/\/qa.atrapasuenos.cl\/\",\"name\":\"Somos Atrapasue\u00f1os, una Corporaci\u00f3n sin Fines de Lucro de Grupo Cetep - Corporaci\u00f3n Atrapasue\u00f1os\",\"isPartOf\":{\"@id\":\"https:\/\/qa.atrapasuenos.cl\/#website\"},\"primaryImageOfPage\":{\"@id\":\"https:\/\/qa.atrapasuenos.cl\/#primaryimage\"},\"image\":{\"@id\":\"https:\/\/qa.atrapasuenos.cl\/#primaryimage\"},\"thumbnailUrl\":\"https:\/\/qa.atrapasuenos.cl\/wp-content\/uploads\/2026\/01\/Diseno-sin-titulo-1030x579.jpg\",\"datePublished\":\"2023-07-25T16:48:48+00:00\",\"dateModified\":\"2026-03-04T14:42:14+00:00\",\"breadcrumb\":{\"@id\":\"https:\/\/qa.atrapasuenos.cl\/#breadcrumb\"},\"inLanguage\":\"es\",\"potentialAction\":[{\"@type\":\"ReadAction\",\"target\":[\"https:\/\/qa.atrapasuenos.cl\/\"]}]},{\"@type\":\"ImageObject\",\"inLanguage\":\"es\",\"@id\":\"https:\/\/qa.atrapasuenos.cl\/#primaryimage\",\"url\":\"https:\/\/qa.atrapasuenos.cl\/wp-content\/uploads\/2026\/01\/Diseno-sin-titulo-1030x579.jpg\",\"contentUrl\":\"https:\/\/qa.atrapasuenos.cl\/wp-content\/uploads\/2026\/01\/Diseno-sin-titulo-1030x579.jpg\"},{\"@type\":\"BreadcrumbList\",\"@id\":\"https:\/\/qa.atrapasuenos.cl\/#breadcrumb\",\"itemListElement\":[{\"@type\":\"ListItem\",\"position\":1,\"name\":\"Portada\",\"item\":\"https:\/\/qa.atrapasuenos.cl\/\"},{\"@type\":\"ListItem\",\"position\":2,\"name\":\"Somos Atrapasue\u00f1os, una Corporaci\u00f3n sin Fines de Lucro de Grupo Cetep\"}]},{\"@type\":\"WebSite\",\"@id\":\"https:\/\/qa.atrapasuenos.cl\/#website\",\"url\":\"https:\/\/qa.atrapasuenos.cl\/\",\"name\":\"Corporaci\u00f3n Atrapasue\u00f1os\",\"description\":\"ILUMINA UNA VIDA, DONA SALUD MENTAL\",\"publisher\":{\"@id\":\"https:\/\/qa.atrapasuenos.cl\/#organization\"},\"potentialAction\":[{\"@type\":\"SearchAction\",\"target\":{\"@type\":\"EntryPoint\",\"urlTemplate\":\"https:\/\/qa.atrapasuenos.cl\/?s={search_term_string}\"},\"query-input\":{\"@type\":\"PropertyValueSpecification\",\"valueRequired\":true,\"valueName\":\"search_term_string\"}}],\"inLanguage\":\"es\"},{\"@type\":\"Organization\",\"@id\":\"https:\/\/qa.atrapasuenos.cl\/#organization\",\"name\":\"Corporaci\u00f3n Atrapasue\u00f1os\",\"url\":\"https:\/\/qa.atrapasuenos.cl\/\",\"logo\":{\"@type\":\"ImageObject\",\"inLanguage\":\"es\",\"@id\":\"https:\/\/qa.atrapasuenos.cl\/#\/schema\/logo\/image\/\",\"url\":\"http:\/\/www.atrapasuenos.cl\/wp-content\/uploads\/2021\/12\/GC_ATRAPASUENOS.png\",\"contentUrl\":\"http:\/\/www.atrapasuenos.cl\/wp-content\/uploads\/2021\/12\/GC_ATRAPASUENOS.png\",\"width\":300,\"height\":300,\"caption\":\"Corporaci\u00f3n Atrapasue\u00f1os\"},\"image\":{\"@id\":\"https:\/\/qa.atrapasuenos.cl\/#\/schema\/logo\/image\/\"},\"sameAs\":[\"https:\/\/www.facebook.com\/atrapasuenos.cl\",\"https:\/\/www.instagram.com\/atrapasuenos.corp\/\"]}]}<\/script>\n<!-- \/ Yoast SEO plugin. -->","yoast_head_json":{"title":"Somos Atrapasue\u00f1os, una Corporaci\u00f3n sin Fines de Lucro de Grupo Cetep - Corporaci\u00f3n Atrapasue\u00f1os","robots":{"index":"index","follow":"follow","max-snippet":"max-snippet:-1","max-image-preview":"max-image-preview:large","max-video-preview":"max-video-preview:-1"},"canonical":"https:\/\/qa.atrapasuenos.cl\/","og_locale":"es_ES","og_type":"article","og_title":"Somos Atrapasue\u00f1os, una Corporaci\u00f3n sin Fines de Lucro de Grupo Cetep - Corporaci\u00f3n Atrapasue\u00f1os","og_description":"La Corporaci\u00f3n Dr. Mario Vidal Climent m\u00e1s conocida como Atrapasue\u00f1os, es una Corporaci\u00f3n sin fines de lucro, parte de Grupo Cetep, formada en el a\u00f1o 2010 por profesionales vinculados al \u00e1rea de la Salud Mental. Atrapasue\u00f1os fue creada gracias a la inspiraci\u00f3n del trabajo del Doctor Mario Vidal Climent, quien es uno de los maestros precursores de la Psiquiatr\u00eda Social [&hellip;]","og_url":"https:\/\/qa.atrapasuenos.cl\/","og_site_name":"Corporaci\u00f3n Atrapasue\u00f1os","article_publisher":"https:\/\/www.facebook.com\/atrapasuenos.cl","article_modified_time":"2026-03-04T14:42:14+00:00","og_image":[{"url":"https:\/\/qa.atrapasuenos.cl\/wp-content\/uploads\/2026\/01\/Diseno-sin-titulo-1030x579.jpg"}],"twitter_card":"summary_large_image","twitter_misc":{"Tiempo de lectura":"3 minutos"},"schema":{"@context":"https:\/\/schema.org","@graph":[{"@type":"WebPage","@id":"https:\/\/qa.atrapasuenos.cl\/","url":"https:\/\/qa.atrapasuenos.cl\/","name":"Somos Atrapasue\u00f1os, una Corporaci\u00f3n sin Fines de Lucro de Grupo Cetep - Corporaci\u00f3n Atrapasue\u00f1os","isPartOf":{"@id":"https:\/\/qa.atrapasuenos.cl\/#website"},"primaryImageOfPage":{"@id":"https:\/\/qa.atrapasuenos.cl\/#primaryimage"},"image":{"@id":"https:\/\/qa.atrapasuenos.cl\/#primaryimage"},"thumbnailUrl":"https:\/\/qa.atrapasuenos.cl\/wp-content\/uploads\/2026\/01\/Diseno-sin-titulo-1030x579.jpg","datePublished":"2023-07-25T16:48:48+00:00","dateModified":"2026-03-04T14:42:14+00:00","breadcrumb":{"@id":"https:\/\/qa.atrapasuenos.cl\/#breadcrumb"},"inLanguage":"es","potentialAction":[{"@type":"ReadAction","target":["https:\/\/qa.atrapasuenos.cl\/"]}]},{"@type":"ImageObject","inLanguage":"es","@id":"https:\/\/qa.atrapasuenos.cl\/#primaryimage","url":"https:\/\/qa.atrapasuenos.cl\/wp-content\/uploads\/2026\/01\/Diseno-sin-titulo-1030x579.jpg","contentUrl":"https:\/\/qa.atrapasuenos.cl\/wp-content\/uploads\/2026\/01\/Diseno-sin-titulo-1030x579.jpg"},{"@type":"BreadcrumbList","@id":"https:\/\/qa.atrapasuenos.cl\/#breadcrumb","itemListElement":[{"@type":"ListItem","position":1,"name":"Portada","item":"https:\/\/qa.atrapasuenos.cl\/"},{"@type":"ListItem","position":2,"name":"Somos Atrapasue\u00f1os, una Corporaci\u00f3n sin Fines de Lucro de Grupo Cetep"}]},{"@type":"WebSite","@id":"https:\/\/qa.atrapasuenos.cl\/#website","url":"https:\/\/qa.atrapasuenos.cl\/","name":"Corporaci\u00f3n Atrapasue\u00f1os","description":"ILUMINA UNA VIDA, DONA SALUD MENTAL","publisher":{"@id":"https:\/\/qa.atrapasuenos.cl\/#organization"},"potentialAction":[{"@type":"SearchAction","target":{"@type":"EntryPoint","urlTemplate":"https:\/\/qa.atrapasuenos.cl\/?s={search_term_string}"},"query-input":{"@type":"PropertyValueSpecification","valueRequired":true,"valueName":"search_term_string"}}],"inLanguage":"es"},{"@type":"Organization","@id":"https:\/\/qa.atrapasuenos.cl\/#organization","name":"Corporaci\u00f3n Atrapasue\u00f1os","url":"https:\/\/qa.atrapasuenos.cl\/","logo":{"@type":"ImageObject","inLanguage":"es","@id":"https:\/\/qa.atrapasuenos.cl\/#\/schema\/logo\/image\/","url":"http:\/\/www.atrapasuenos.cl\/wp-content\/uploads\/2021\/12\/GC_ATRAPASUENOS.png","contentUrl":"http:\/\/www.atrapasuenos.cl\/wp-content\/uploads\/2021\/12\/GC_ATRAPASUENOS.png","width":300,"height":300,"caption":"Corporaci\u00f3n Atrapasue\u00f1os"},"image":{"@id":"https:\/\/qa.atrapasuenos.cl\/#\/schema\/logo\/image\/"},"sameAs":["https:\/\/www.facebook.com\/atrapasuenos.cl","https:\/\/www.instagram.com\/atrapasuenos.corp\/"]}]}},"_links":{"self":[{"href":"https:\/\/qa.atrapasuenos.cl\/index.php?rest_route=\/wp\/v2\/pages\/2460","targetHints":{"allow":["GET"]}}],"collection":[{"href":"https:\/\/qa.atrapasuenos.cl\/index.php?rest_route=\/wp\/v2\/pages"}],"about":[{"href":"https:\/\/qa.atrapasuenos.cl\/index.php?rest_route=\/wp\/v2\/types\/page"}],"author":[{"embeddable":true,"href":"https:\/\/qa.atrapasuenos.cl\/index.php?rest_route=\/wp\/v2\/users\/3"}],"replies":[{"embeddable":true,"href":"https:\/\/qa.atrapasuenos.cl\/index.php?rest_route=%2Fwp%2Fv2%2Fcomments&post=2460"}],"version-history":[{"count":27,"href":"https:\/\/qa.atrapasuenos.cl\/index.php?rest_route=\/wp\/v2\/pages\/2460\/revisions"}],"predecessor-version":[{"id":3266,"href":"https:\/\/qa.atrapasuenos.cl\/index.php?rest_route=\/wp\/v2\/pages\/2460\/revisions\/3266"}],"wp:attachment":[{"href":"https:\/\/qa.atrapasuenos.cl\/index.php?rest_route=%2Fwp%2Fv2%2Fmedia&parent=2460"}],"curies":[{"name":"wp","href":"https:\/\/api.w.org\/{rel}","templated":true}]}}