{"id":2367,"date":"2023-07-24T21:25:28","date_gmt":"2023-07-24T21:25:28","guid":{"rendered":"https:\/\/qa.atrapasuenos.cl\/?page_id=2367"},"modified":"2024-05-08T22:37:38","modified_gmt":"2024-05-08T22:37:38","slug":"nuestras-alianzas","status":"publish","type":"page","link":"https:\/\/qa.atrapasuenos.cl\/?page_id=2367","title":{"rendered":"NUESTRAS ALIANZAS"},"content":{"rendered":"\n<p class=\"has-text-align-left\">Trabajamos en alianza con Fundaciones cuyos objetivos tengan relaci\u00f3n con nuestro prop\u00f3sito.<\/p>\n\n\n\n<p>El objetivo de estas alianzas, es entregar horas de atenciones psicol\u00f3gicas, psiqui\u00e1tricas y tratamiento farmacol\u00f3gico de forma gratuita a personas que son parte de estas Fundaciones, que necesitan atenci\u00f3n en Salud Mental y que por sus condiciones de vulnerabilidad no pueden acceder a estas atenciones.<\/p>\n\n\n\n<p>\ud83e\udde1Estas son nuestras actuales alianzas:<\/p>\n\n\n<div class=\"wp-block-image\">\n<figure class=\"aligncenter size-large is-resized\"><a href=\"http:\/\/qa.atrapasuenos.cl\/wp-content\/uploads\/2023\/05\/nuestras-alianzas.jpg\"><img loading=\"lazy\" decoding=\"async\" width=\"1030\" height=\"1030\" src=\"http:\/\/qa.atrapasuenos.cl\/wp-content\/uploads\/2023\/05\/nuestras-alianzas-1030x1030.jpg\" alt=\"\" class=\"wp-image-2334\" style=\"width:457px;height:457px\" srcset=\"https:\/\/qa.atrapasuenos.cl\/wp-content\/uploads\/2023\/05\/nuestras-alianzas-1030x1030.jpg 1030w, https:\/\/qa.atrapasuenos.cl\/wp-content\/uploads\/2023\/05\/nuestras-alianzas-300x300.jpg 300w, https:\/\/qa.atrapasuenos.cl\/wp-content\/uploads\/2023\/05\/nuestras-alianzas-80x80.jpg 80w, https:\/\/qa.atrapasuenos.cl\/wp-content\/uploads\/2023\/05\/nuestras-alianzas-768x768.jpg 768w, https:\/\/qa.atrapasuenos.cl\/wp-content\/uploads\/2023\/05\/nuestras-alianzas-100x100.jpg 100w, https:\/\/qa.atrapasuenos.cl\/wp-content\/uploads\/2023\/05\/nuestras-alianzas-250x250.jpg 250w, https:\/\/qa.atrapasuenos.cl\/wp-content\/uploads\/2023\/05\/nuestras-alianzas-350x350.jpg 350w, https:\/\/qa.atrapasuenos.cl\/wp-content\/uploads\/2023\/05\/nuestras-alianzas.jpg 1080w\" sizes=\"auto, (max-width: 1030px) 100vw, 1030px\" \/><\/a><\/figure><\/div>\n\n\n<div class=\"wp-block-columns is-layout-flex wp-container-core-columns-is-layout-1 wp-block-columns-is-layout-flex\">\n<div class=\"wp-block-column is-layout-flow wp-block-column-is-layout-flow\" style=\"flex-basis:100%\"><div class=\"wp-block-image\">\n<figure class=\"aligncenter size-full is-resized\"><a href=\"https:\/\/qa.atrapasuenos.cl\/wp-content\/uploads\/2024\/04\/CASA-BETESDA-4.jpg\"><img loading=\"lazy\" decoding=\"async\" width=\"589\" height=\"737\" src=\"https:\/\/qa.atrapasuenos.cl\/wp-content\/uploads\/2024\/04\/CASA-BETESDA-4.jpg\" alt=\"\" class=\"wp-image-2840\" style=\"width:364px;height:auto\" srcset=\"https:\/\/qa.atrapasuenos.cl\/wp-content\/uploads\/2024\/04\/CASA-BETESDA-4.jpg 589w, https:\/\/qa.atrapasuenos.cl\/wp-content\/uploads\/2024\/04\/CASA-BETESDA-4-240x300.jpg 240w\" sizes=\"auto, (max-width: 589px) 100vw, 589px\" \/><\/a><\/figure><\/div>\n\n<div class=\"wp-block-image\">\n<figure class=\"aligncenter size-large is-resized\"><a href=\"https:\/\/qa.atrapasuenos.cl\/wp-content\/uploads\/2024\/04\/20220425_120025-scaled.jpg\"><img loading=\"lazy\" decoding=\"async\" width=\"1030\" height=\"773\" src=\"https:\/\/qa.atrapasuenos.cl\/wp-content\/uploads\/2024\/04\/20220425_120025-1030x773.jpg\" alt=\"\" class=\"wp-image-2841\" style=\"width:372px;height:auto\" srcset=\"https:\/\/qa.atrapasuenos.cl\/wp-content\/uploads\/2024\/04\/20220425_120025-1030x773.jpg 1030w, https:\/\/qa.atrapasuenos.cl\/wp-content\/uploads\/2024\/04\/20220425_120025-300x225.jpg 300w, https:\/\/qa.atrapasuenos.cl\/wp-content\/uploads\/2024\/04\/20220425_120025-768x576.jpg 768w, https:\/\/qa.atrapasuenos.cl\/wp-content\/uploads\/2024\/04\/20220425_120025-1536x1152.jpg 1536w, https:\/\/qa.atrapasuenos.cl\/wp-content\/uploads\/2024\/04\/20220425_120025-2048x1536.jpg 2048w\" sizes=\"auto, (max-width: 1030px) 100vw, 1030px\" \/><\/a><\/figure><\/div>\n\n<div class=\"wp-block-image\">\n<figure class=\"aligncenter size-large is-resized\"><a href=\"https:\/\/qa.atrapasuenos.cl\/wp-content\/uploads\/2024\/04\/Se-formaliza-Alianza-1.png\"><img loading=\"lazy\" decoding=\"async\" width=\"1030\" height=\"1030\" src=\"https:\/\/qa.atrapasuenos.cl\/wp-content\/uploads\/2024\/04\/Se-formaliza-Alianza-1-1030x1030.png\" alt=\"\" class=\"wp-image-2842\" style=\"width:393px;height:auto\" srcset=\"https:\/\/qa.atrapasuenos.cl\/wp-content\/uploads\/2024\/04\/Se-formaliza-Alianza-1-1030x1030.png 1030w, https:\/\/qa.atrapasuenos.cl\/wp-content\/uploads\/2024\/04\/Se-formaliza-Alianza-1-300x300.png 300w, https:\/\/qa.atrapasuenos.cl\/wp-content\/uploads\/2024\/04\/Se-formaliza-Alianza-1-80x80.png 80w, https:\/\/qa.atrapasuenos.cl\/wp-content\/uploads\/2024\/04\/Se-formaliza-Alianza-1-768x768.png 768w, https:\/\/qa.atrapasuenos.cl\/wp-content\/uploads\/2024\/04\/Se-formaliza-Alianza-1.png 1080w\" sizes=\"auto, (max-width: 1030px) 100vw, 1030px\" \/><\/a><\/figure><\/div>\n\n<div class=\"wp-block-image\">\n<figure class=\"aligncenter size-full is-resized\"><a href=\"https:\/\/qa.atrapasuenos.cl\/wp-content\/uploads\/2024\/04\/COLAGE.jpg\"><img loading=\"lazy\" decoding=\"async\" width=\"763\" height=\"615\" src=\"https:\/\/qa.atrapasuenos.cl\/wp-content\/uploads\/2024\/04\/COLAGE.jpg\" alt=\"\" class=\"wp-image-2843\" style=\"width:391px;height:auto\" srcset=\"https:\/\/qa.atrapasuenos.cl\/wp-content\/uploads\/2024\/04\/COLAGE.jpg 763w, https:\/\/qa.atrapasuenos.cl\/wp-content\/uploads\/2024\/04\/COLAGE-300x242.jpg 300w\" sizes=\"auto, (max-width: 763px) 100vw, 763px\" \/><\/a><\/figure><\/div>\n\n<div class=\"wp-block-image\">\n<figure class=\"aligncenter size-full is-resized\"><a href=\"https:\/\/qa.atrapasuenos.cl\/wp-content\/uploads\/2024\/04\/FOTO-5.jpg\"><img loading=\"lazy\" decoding=\"async\" width=\"306\" height=\"304\" src=\"https:\/\/qa.atrapasuenos.cl\/wp-content\/uploads\/2024\/04\/FOTO-5.jpg\" alt=\"\" class=\"wp-image-2844\" style=\"width:352px;height:auto\" srcset=\"https:\/\/qa.atrapasuenos.cl\/wp-content\/uploads\/2024\/04\/FOTO-5.jpg 306w, https:\/\/qa.atrapasuenos.cl\/wp-content\/uploads\/2024\/04\/FOTO-5-300x298.jpg 300w, https:\/\/qa.atrapasuenos.cl\/wp-content\/uploads\/2024\/04\/FOTO-5-80x80.jpg 80w\" sizes=\"auto, (max-width: 306px) 100vw, 306px\" \/><\/a><\/figure><\/div><\/div>\n<\/div>\n\n\n\n<p>Las horas de Salud Mental entregadas, son parte de nuestro principal Proyecto: el Banco de Horas.<\/p>\n\n\n\n<p>\u00bfTe interesa hacer alianza con nosotros? cont\u00e1ctanos \ud83d\udc49contacto@atrapasuenos.cl<\/p>\n\n\n\n<p class=\"has-text-align-center\">\ud83e\udde1<strong><mark style=\"background-color:rgba(0, 0, 0, 0)\" class=\"has-inline-color has-luminous-vivid-orange-color\">TE ESTAMOS ESPERANDO<\/mark><\/strong>\ud83e\udde1<\/p>\n\n\n\n<p>Para conocer m\u00e1s sobre el Banco de Horas, puedes acceder aqu\u00ed\ud83d\udc49 <a href=\"https:\/\/qa.atrapasuenos.cl\/?page_id=2833\" target=\"_blank\" rel=\"noreferrer noopener\">BANCO DE HORAS<\/a><\/p>\n\n\n\n<p><\/p>\n","protected":false},"excerpt":{"rendered":"<p>Trabajamos en alianza con Fundaciones cuyos objetivos tengan relaci\u00f3n con nuestro prop\u00f3sito. El objetivo de estas alianzas, es entregar horas de atenciones psicol\u00f3gicas, psiqui\u00e1tricas y tratamiento farmacol\u00f3gico de forma gratuita a personas que son parte de estas Fundaciones, que necesitan atenci\u00f3n en Salud Mental y que por sus condiciones de vulnerabilidad no pueden acceder a estas atenciones. \ud83e\udde1Estas son nuestras [&hellip;]<\/p>\n","protected":false},"author":3,"featured_media":0,"parent":0,"menu_order":0,"comment_status":"closed","ping_status":"closed","template":"","meta":{"footnotes":""},"class_list":["post-2367","page","type-page","status-publish","hentry"],"yoast_head":"<!-- This site is optimized with the Yoast SEO plugin v23.4 - https:\/\/yoast.com\/wordpress\/plugins\/seo\/ -->\n<title>NUESTRAS ALIANZAS - Corporaci\u00f3n Atrapasue\u00f1os<\/title>\n<meta name=\"robots\" content=\"index, follow, max-snippet:-1, max-image-preview:large, max-video-preview:-1\" \/>\n<link rel=\"canonical\" href=\"https:\/\/qa.atrapasuenos.cl\/?page_id=2367\" \/>\n<meta property=\"og:locale\" content=\"es_ES\" \/>\n<meta property=\"og:type\" content=\"article\" \/>\n<meta property=\"og:title\" content=\"NUESTRAS ALIANZAS - Corporaci\u00f3n Atrapasue\u00f1os\" \/>\n<meta property=\"og:description\" content=\"Trabajamos en alianza con Fundaciones cuyos objetivos tengan relaci\u00f3n con nuestro prop\u00f3sito. El objetivo de estas alianzas, es entregar horas de atenciones psicol\u00f3gicas, psiqui\u00e1tricas y tratamiento farmacol\u00f3gico de forma gratuita a personas que son parte de estas Fundaciones, que necesitan atenci\u00f3n en Salud Mental y que por sus condiciones de vulnerabilidad no pueden acceder a estas atenciones. \ud83e\udde1Estas son nuestras [&hellip;]\" \/>\n<meta property=\"og:url\" content=\"https:\/\/qa.atrapasuenos.cl\/?page_id=2367\" \/>\n<meta property=\"og:site_name\" content=\"Corporaci\u00f3n Atrapasue\u00f1os\" \/>\n<meta property=\"article:publisher\" content=\"https:\/\/www.facebook.com\/atrapasuenos.cl\" \/>\n<meta property=\"article:modified_time\" content=\"2024-05-08T22:37:38+00:00\" \/>\n<meta property=\"og:image\" content=\"http:\/\/qa.atrapasuenos.cl\/wp-content\/uploads\/2023\/05\/nuestras-alianzas-1030x1030.jpg\" \/>\n<meta name=\"twitter:card\" content=\"summary_large_image\" \/>\n<meta name=\"twitter:label1\" content=\"Tiempo de lectura\" \/>\n\t<meta name=\"twitter:data1\" content=\"1 minuto\" \/>\n<script type=\"application\/ld+json\" class=\"yoast-schema-graph\">{\"@context\":\"https:\/\/schema.org\",\"@graph\":[{\"@type\":\"WebPage\",\"@id\":\"https:\/\/qa.atrapasuenos.cl\/?page_id=2367\",\"url\":\"https:\/\/qa.atrapasuenos.cl\/?page_id=2367\",\"name\":\"NUESTRAS ALIANZAS - Corporaci\u00f3n Atrapasue\u00f1os\",\"isPartOf\":{\"@id\":\"https:\/\/qa.atrapasuenos.cl\/#website\"},\"primaryImageOfPage\":{\"@id\":\"https:\/\/qa.atrapasuenos.cl\/?page_id=2367#primaryimage\"},\"image\":{\"@id\":\"https:\/\/qa.atrapasuenos.cl\/?page_id=2367#primaryimage\"},\"thumbnailUrl\":\"http:\/\/qa.atrapasuenos.cl\/wp-content\/uploads\/2023\/05\/nuestras-alianzas-1030x1030.jpg\",\"datePublished\":\"2023-07-24T21:25:28+00:00\",\"dateModified\":\"2024-05-08T22:37:38+00:00\",\"breadcrumb\":{\"@id\":\"https:\/\/qa.atrapasuenos.cl\/?page_id=2367#breadcrumb\"},\"inLanguage\":\"es\",\"potentialAction\":[{\"@type\":\"ReadAction\",\"target\":[\"https:\/\/qa.atrapasuenos.cl\/?page_id=2367\"]}]},{\"@type\":\"ImageObject\",\"inLanguage\":\"es\",\"@id\":\"https:\/\/qa.atrapasuenos.cl\/?page_id=2367#primaryimage\",\"url\":\"https:\/\/qa.atrapasuenos.cl\/wp-content\/uploads\/2023\/05\/nuestras-alianzas.jpg\",\"contentUrl\":\"https:\/\/qa.atrapasuenos.cl\/wp-content\/uploads\/2023\/05\/nuestras-alianzas.jpg\",\"width\":1080,\"height\":1080},{\"@type\":\"BreadcrumbList\",\"@id\":\"https:\/\/qa.atrapasuenos.cl\/?page_id=2367#breadcrumb\",\"itemListElement\":[{\"@type\":\"ListItem\",\"position\":1,\"name\":\"Portada\",\"item\":\"https:\/\/qa.atrapasuenos.cl\/\"},{\"@type\":\"ListItem\",\"position\":2,\"name\":\"NUESTRAS ALIANZAS\"}]},{\"@type\":\"WebSite\",\"@id\":\"https:\/\/qa.atrapasuenos.cl\/#website\",\"url\":\"https:\/\/qa.atrapasuenos.cl\/\",\"name\":\"Corporaci\u00f3n Atrapasue\u00f1os\",\"description\":\"ILUMINA UNA VIDA, DONA SALUD MENTAL\",\"publisher\":{\"@id\":\"https:\/\/qa.atrapasuenos.cl\/#organization\"},\"potentialAction\":[{\"@type\":\"SearchAction\",\"target\":{\"@type\":\"EntryPoint\",\"urlTemplate\":\"https:\/\/qa.atrapasuenos.cl\/?s={search_term_string}\"},\"query-input\":{\"@type\":\"PropertyValueSpecification\",\"valueRequired\":true,\"valueName\":\"search_term_string\"}}],\"inLanguage\":\"es\"},{\"@type\":\"Organization\",\"@id\":\"https:\/\/qa.atrapasuenos.cl\/#organization\",\"name\":\"Corporaci\u00f3n Atrapasue\u00f1os\",\"url\":\"https:\/\/qa.atrapasuenos.cl\/\",\"logo\":{\"@type\":\"ImageObject\",\"inLanguage\":\"es\",\"@id\":\"https:\/\/qa.atrapasuenos.cl\/#\/schema\/logo\/image\/\",\"url\":\"http:\/\/www.atrapasuenos.cl\/wp-content\/uploads\/2021\/12\/GC_ATRAPASUENOS.png\",\"contentUrl\":\"http:\/\/www.atrapasuenos.cl\/wp-content\/uploads\/2021\/12\/GC_ATRAPASUENOS.png\",\"width\":300,\"height\":300,\"caption\":\"Corporaci\u00f3n Atrapasue\u00f1os\"},\"image\":{\"@id\":\"https:\/\/qa.atrapasuenos.cl\/#\/schema\/logo\/image\/\"},\"sameAs\":[\"https:\/\/www.facebook.com\/atrapasuenos.cl\",\"https:\/\/www.instagram.com\/atrapasuenos.corp\/\"]}]}<\/script>\n<!-- \/ Yoast SEO plugin. -->","yoast_head_json":{"title":"NUESTRAS ALIANZAS - Corporaci\u00f3n Atrapasue\u00f1os","robots":{"index":"index","follow":"follow","max-snippet":"max-snippet:-1","max-image-preview":"max-image-preview:large","max-video-preview":"max-video-preview:-1"},"canonical":"https:\/\/qa.atrapasuenos.cl\/?page_id=2367","og_locale":"es_ES","og_type":"article","og_title":"NUESTRAS ALIANZAS - Corporaci\u00f3n Atrapasue\u00f1os","og_description":"Trabajamos en alianza con Fundaciones cuyos objetivos tengan relaci\u00f3n con nuestro prop\u00f3sito. El objetivo de estas alianzas, es entregar horas de atenciones psicol\u00f3gicas, psiqui\u00e1tricas y tratamiento farmacol\u00f3gico de forma gratuita a personas que son parte de estas Fundaciones, que necesitan atenci\u00f3n en Salud Mental y que por sus condiciones de vulnerabilidad no pueden acceder a estas atenciones. \ud83e\udde1Estas son nuestras [&hellip;]","og_url":"https:\/\/qa.atrapasuenos.cl\/?page_id=2367","og_site_name":"Corporaci\u00f3n Atrapasue\u00f1os","article_publisher":"https:\/\/www.facebook.com\/atrapasuenos.cl","article_modified_time":"2024-05-08T22:37:38+00:00","og_image":[{"url":"http:\/\/qa.atrapasuenos.cl\/wp-content\/uploads\/2023\/05\/nuestras-alianzas-1030x1030.jpg"}],"twitter_card":"summary_large_image","twitter_misc":{"Tiempo de lectura":"1 minuto"},"schema":{"@context":"https:\/\/schema.org","@graph":[{"@type":"WebPage","@id":"https:\/\/qa.atrapasuenos.cl\/?page_id=2367","url":"https:\/\/qa.atrapasuenos.cl\/?page_id=2367","name":"NUESTRAS ALIANZAS - Corporaci\u00f3n Atrapasue\u00f1os","isPartOf":{"@id":"https:\/\/qa.atrapasuenos.cl\/#website"},"primaryImageOfPage":{"@id":"https:\/\/qa.atrapasuenos.cl\/?page_id=2367#primaryimage"},"image":{"@id":"https:\/\/qa.atrapasuenos.cl\/?page_id=2367#primaryimage"},"thumbnailUrl":"http:\/\/qa.atrapasuenos.cl\/wp-content\/uploads\/2023\/05\/nuestras-alianzas-1030x1030.jpg","datePublished":"2023-07-24T21:25:28+00:00","dateModified":"2024-05-08T22:37:38+00:00","breadcrumb":{"@id":"https:\/\/qa.atrapasuenos.cl\/?page_id=2367#breadcrumb"},"inLanguage":"es","potentialAction":[{"@type":"ReadAction","target":["https:\/\/qa.atrapasuenos.cl\/?page_id=2367"]}]},{"@type":"ImageObject","inLanguage":"es","@id":"https:\/\/qa.atrapasuenos.cl\/?page_id=2367#primaryimage","url":"https:\/\/qa.atrapasuenos.cl\/wp-content\/uploads\/2023\/05\/nuestras-alianzas.jpg","contentUrl":"https:\/\/qa.atrapasuenos.cl\/wp-content\/uploads\/2023\/05\/nuestras-alianzas.jpg","width":1080,"height":1080},{"@type":"BreadcrumbList","@id":"https:\/\/qa.atrapasuenos.cl\/?page_id=2367#breadcrumb","itemListElement":[{"@type":"ListItem","position":1,"name":"Portada","item":"https:\/\/qa.atrapasuenos.cl\/"},{"@type":"ListItem","position":2,"name":"NUESTRAS ALIANZAS"}]},{"@type":"WebSite","@id":"https:\/\/qa.atrapasuenos.cl\/#website","url":"https:\/\/qa.atrapasuenos.cl\/","name":"Corporaci\u00f3n Atrapasue\u00f1os","description":"ILUMINA UNA VIDA, DONA SALUD MENTAL","publisher":{"@id":"https:\/\/qa.atrapasuenos.cl\/#organization"},"potentialAction":[{"@type":"SearchAction","target":{"@type":"EntryPoint","urlTemplate":"https:\/\/qa.atrapasuenos.cl\/?s={search_term_string}"},"query-input":{"@type":"PropertyValueSpecification","valueRequired":true,"valueName":"search_term_string"}}],"inLanguage":"es"},{"@type":"Organization","@id":"https:\/\/qa.atrapasuenos.cl\/#organization","name":"Corporaci\u00f3n Atrapasue\u00f1os","url":"https:\/\/qa.atrapasuenos.cl\/","logo":{"@type":"ImageObject","inLanguage":"es","@id":"https:\/\/qa.atrapasuenos.cl\/#\/schema\/logo\/image\/","url":"http:\/\/www.atrapasuenos.cl\/wp-content\/uploads\/2021\/12\/GC_ATRAPASUENOS.png","contentUrl":"http:\/\/www.atrapasuenos.cl\/wp-content\/uploads\/2021\/12\/GC_ATRAPASUENOS.png","width":300,"height":300,"caption":"Corporaci\u00f3n Atrapasue\u00f1os"},"image":{"@id":"https:\/\/qa.atrapasuenos.cl\/#\/schema\/logo\/image\/"},"sameAs":["https:\/\/www.facebook.com\/atrapasuenos.cl","https:\/\/www.instagram.com\/atrapasuenos.corp\/"]}]}},"_links":{"self":[{"href":"https:\/\/qa.atrapasuenos.cl\/index.php?rest_route=\/wp\/v2\/pages\/2367","targetHints":{"allow":["GET"]}}],"collection":[{"href":"https:\/\/qa.atrapasuenos.cl\/index.php?rest_route=\/wp\/v2\/pages"}],"about":[{"href":"https:\/\/qa.atrapasuenos.cl\/index.php?rest_route=\/wp\/v2\/types\/page"}],"author":[{"embeddable":true,"href":"https:\/\/qa.atrapasuenos.cl\/index.php?rest_route=\/wp\/v2\/users\/3"}],"replies":[{"embeddable":true,"href":"https:\/\/qa.atrapasuenos.cl\/index.php?rest_route=%2Fwp%2Fv2%2Fcomments&post=2367"}],"version-history":[{"count":7,"href":"https:\/\/qa.atrapasuenos.cl\/index.php?rest_route=\/wp\/v2\/pages\/2367\/revisions"}],"predecessor-version":[{"id":2897,"href":"https:\/\/qa.atrapasuenos.cl\/index.php?rest_route=\/wp\/v2\/pages\/2367\/revisions\/2897"}],"wp:attachment":[{"href":"https:\/\/qa.atrapasuenos.cl\/index.php?rest_route=%2Fwp%2Fv2%2Fmedia&parent=2367"}],"curies":[{"name":"wp","href":"https:\/\/api.w.org\/{rel}","templated":true}]}}