{"id":2351,"date":"2023-07-24T21:24:22","date_gmt":"2023-07-24T21:24:22","guid":{"rendered":"https:\/\/qa.atrapasuenos.cl\/?page_id=2351"},"modified":"2026-01-19T22:35:26","modified_gmt":"2026-01-19T22:35:26","slug":"empresas","status":"publish","type":"page","link":"https:\/\/qa.atrapasuenos.cl\/?page_id=2351","title":{"rendered":"Empresas que transforman vidas: S\u00famate a nuestros proyectos de impacto social"},"content":{"rendered":"\n<p><strong>Tu compromiso puede cambiar el futuro de la Salud Mental en Chile<\/strong><\/p>\n\n\n\n<hr class=\"wp-block-separator has-alpha-channel-opacity\"\/>\n\n\n\n<p>En Chile, la Salud Mental es una prioridad urgente: <strong>1 de cada 5 personas presenta s\u00edntomas de ansiedad o depresi\u00f3n<\/strong>, y el acceso a atenci\u00f3n psicol\u00f3gica sigue siendo limitado.<\/p>\n\n\n\n<p>En <strong>Corporaci\u00f3n Atrapasue\u00f1os<\/strong>, trabajamos para cerrar esta brecha, pero necesitamos aliados estrat\u00e9gicos que compartan nuestra visi\u00f3n.<\/p>\n\n\n\n<p><strong>\u00bfPor qu\u00e9 tu empresa deber\u00eda sumarse?<\/strong><\/p>\n\n\n\n<ul class=\"wp-block-list\">\n<li><strong>Impacto real:<\/strong> Tus aportes se traducen en atenciones psicol\u00f3gicas para mujeres, j\u00f3venes y familias vulnerables.<\/li>\n\n\n\n<li><strong>Responsabilidad social con prop\u00f3sito:<\/strong> Fortalece tu imagen corporativa y cumple tus pol\u00edticas internas de ayuda social.<\/li>\n\n\n\n<li><strong>Transparencia y resultados:<\/strong> Te mostramos c\u00f3mo tu colaboraci\u00f3n transforma vidas.<\/li>\n<\/ul>\n\n\n\n<hr class=\"wp-block-separator has-alpha-channel-opacity\"\/>\n\n\n<div class=\"wp-block-image\">\n<figure class=\"aligncenter size-large is-resized\"><a href=\"https:\/\/qa.atrapasuenos.cl\/wp-content\/uploads\/2026\/01\/Gemini_Generated_Image_dva2wgdva2wgdva2.png\"><img loading=\"lazy\" decoding=\"async\" width=\"1030\" height=\"752\" src=\"https:\/\/qa.atrapasuenos.cl\/wp-content\/uploads\/2026\/01\/Gemini_Generated_Image_dva2wgdva2wgdva2-1030x752.png\" alt=\"\" class=\"wp-image-3216\" style=\"width:600px;height:auto\" srcset=\"https:\/\/qa.atrapasuenos.cl\/wp-content\/uploads\/2026\/01\/Gemini_Generated_Image_dva2wgdva2wgdva2-1030x752.png 1030w, https:\/\/qa.atrapasuenos.cl\/wp-content\/uploads\/2026\/01\/Gemini_Generated_Image_dva2wgdva2wgdva2-300x219.png 300w, https:\/\/qa.atrapasuenos.cl\/wp-content\/uploads\/2026\/01\/Gemini_Generated_Image_dva2wgdva2wgdva2-768x560.png 768w, https:\/\/qa.atrapasuenos.cl\/wp-content\/uploads\/2026\/01\/Gemini_Generated_Image_dva2wgdva2wgdva2.png 1184w\" sizes=\"auto, (max-width: 1030px) 100vw, 1030px\" \/><\/a><\/figure><\/div>\n\n\n<p><strong>\u00a1Haz que tu empresa sea parte del cambio!<\/strong><br>\ud83d\udc49 Escr\u00edbenos a contacto@atrapasuenos.cl o a trav\u00e9s de nuestro <a href=\"https:\/\/www.atrapasuenos.cl\/?page_id=2353\" target=\"_blank\" rel=\"noreferrer noopener\">formulario de contacto<\/a>  y descubre c\u00f3mo puedes apoyar programas tan importantes como <strong>Bienestar Mujer<\/strong>, que en 2025 brind\u00f3 casi 1.000 atenciones de Salud Mental gracias a empresas comprometidas como <strong>BCI Seguros<\/strong>.<\/p>\n\n\n\n<p>Si deseas colaborar con tu aporte directo a Corporaci\u00f3n Atrapasue\u00f1os, te dejamos toda la informaci\u00f3n \ud83d\udc49<a href=\"https:\/\/www.atrapasuenos.cl\/?page_id=15\" target=\"_blank\" rel=\"noreferrer noopener\">aqu\u00ed<\/a>\ud83d\udc48<\/p>\n\n\n\n<div class=\"wp-block-buttons has-custom-font-size has-luminous-vivid-orange-background-color has-background is-content-justification-center is-layout-flex wp-container-core-buttons-is-layout-1 wp-block-buttons-is-layout-flex\" id=\"https:\/\/link.mercadopago.cl\/corporacionatrapa\" style=\"font-size:21px;text-decoration:underline\">\n<div class=\"wp-block-button is-style-fill\"><a class=\"wp-block-button__link wp-element-button\" href=\"https:\/\/link.mercadopago.cl\/corporacionatrapa\" target=\"_blank\" rel=\"noreferrer noopener\"><mark style=\"background-color:rgba(0, 0, 0, 0)\" class=\"has-inline-color has-white-color\">QUIERO COLABORAR<\/mark><\/a><\/div>\n<\/div>\n\n\n\n<p class=\"has-text-align-center\">Estamos inscritos en <strong>Ley de Donaciones con Fines Sociales 19.885<\/strong> y en la nueva <strong>Ley de Donaciones 21.440<\/strong>, por lo que con tu aporte estar\u00e1 acogido a beneficios tributarios para tu empresa, y acreditado con el Certificado de Donaci\u00f3n que te entregaremos.<\/p>\n\n\n\n<p>&nbsp;<\/p>\n","protected":false},"excerpt":{"rendered":"<p>Tu compromiso puede cambiar el futuro de la Salud Mental en Chile En Chile, la Salud Mental es una prioridad urgente: 1 de cada 5 personas presenta s\u00edntomas de ansiedad o depresi\u00f3n, y el acceso a atenci\u00f3n psicol\u00f3gica sigue siendo limitado. En Corporaci\u00f3n Atrapasue\u00f1os, trabajamos para cerrar esta brecha, pero necesitamos aliados estrat\u00e9gicos que compartan nuestra visi\u00f3n. \u00bfPor qu\u00e9 tu [&hellip;]<\/p>\n","protected":false},"author":3,"featured_media":0,"parent":0,"menu_order":0,"comment_status":"closed","ping_status":"closed","template":"","meta":{"footnotes":""},"class_list":["post-2351","page","type-page","status-publish","hentry"],"yoast_head":"<!-- This site is optimized with the Yoast SEO plugin v23.4 - https:\/\/yoast.com\/wordpress\/plugins\/seo\/ -->\n<title>Empresas que transforman vidas: S\u00famate a nuestros proyectos de impacto social - Corporaci\u00f3n Atrapasue\u00f1os<\/title>\n<meta name=\"robots\" content=\"index, follow, max-snippet:-1, max-image-preview:large, max-video-preview:-1\" \/>\n<link rel=\"canonical\" href=\"https:\/\/qa.atrapasuenos.cl\/?page_id=2351\" \/>\n<meta property=\"og:locale\" content=\"es_ES\" \/>\n<meta property=\"og:type\" content=\"article\" \/>\n<meta property=\"og:title\" content=\"Empresas que transforman vidas: S\u00famate a nuestros proyectos de impacto social - Corporaci\u00f3n Atrapasue\u00f1os\" \/>\n<meta property=\"og:description\" content=\"Tu compromiso puede cambiar el futuro de la Salud Mental en Chile En Chile, la Salud Mental es una prioridad urgente: 1 de cada 5 personas presenta s\u00edntomas de ansiedad o depresi\u00f3n, y el acceso a atenci\u00f3n psicol\u00f3gica sigue siendo limitado. En Corporaci\u00f3n Atrapasue\u00f1os, trabajamos para cerrar esta brecha, pero necesitamos aliados estrat\u00e9gicos que compartan nuestra visi\u00f3n. \u00bfPor qu\u00e9 tu [&hellip;]\" \/>\n<meta property=\"og:url\" content=\"https:\/\/qa.atrapasuenos.cl\/?page_id=2351\" \/>\n<meta property=\"og:site_name\" content=\"Corporaci\u00f3n Atrapasue\u00f1os\" \/>\n<meta property=\"article:publisher\" content=\"https:\/\/www.facebook.com\/atrapasuenos.cl\" \/>\n<meta property=\"article:modified_time\" content=\"2026-01-19T22:35:26+00:00\" \/>\n<meta property=\"og:image\" content=\"https:\/\/qa.atrapasuenos.cl\/wp-content\/uploads\/2026\/01\/Gemini_Generated_Image_dva2wgdva2wgdva2-1030x752.png\" \/>\n<meta name=\"twitter:card\" content=\"summary_large_image\" \/>\n<meta name=\"twitter:label1\" content=\"Tiempo de lectura\" \/>\n\t<meta name=\"twitter:data1\" content=\"2 minutos\" \/>\n<script type=\"application\/ld+json\" class=\"yoast-schema-graph\">{\"@context\":\"https:\/\/schema.org\",\"@graph\":[{\"@type\":\"WebPage\",\"@id\":\"https:\/\/qa.atrapasuenos.cl\/?page_id=2351\",\"url\":\"https:\/\/qa.atrapasuenos.cl\/?page_id=2351\",\"name\":\"Empresas que transforman vidas: S\u00famate a nuestros proyectos de impacto social - Corporaci\u00f3n Atrapasue\u00f1os\",\"isPartOf\":{\"@id\":\"https:\/\/qa.atrapasuenos.cl\/#website\"},\"primaryImageOfPage\":{\"@id\":\"https:\/\/qa.atrapasuenos.cl\/?page_id=2351#primaryimage\"},\"image\":{\"@id\":\"https:\/\/qa.atrapasuenos.cl\/?page_id=2351#primaryimage\"},\"thumbnailUrl\":\"https:\/\/qa.atrapasuenos.cl\/wp-content\/uploads\/2026\/01\/Gemini_Generated_Image_dva2wgdva2wgdva2-1030x752.png\",\"datePublished\":\"2023-07-24T21:24:22+00:00\",\"dateModified\":\"2026-01-19T22:35:26+00:00\",\"breadcrumb\":{\"@id\":\"https:\/\/qa.atrapasuenos.cl\/?page_id=2351#breadcrumb\"},\"inLanguage\":\"es\",\"potentialAction\":[{\"@type\":\"ReadAction\",\"target\":[\"https:\/\/qa.atrapasuenos.cl\/?page_id=2351\"]}]},{\"@type\":\"ImageObject\",\"inLanguage\":\"es\",\"@id\":\"https:\/\/qa.atrapasuenos.cl\/?page_id=2351#primaryimage\",\"url\":\"https:\/\/qa.atrapasuenos.cl\/wp-content\/uploads\/2026\/01\/Gemini_Generated_Image_dva2wgdva2wgdva2-1030x752.png\",\"contentUrl\":\"https:\/\/qa.atrapasuenos.cl\/wp-content\/uploads\/2026\/01\/Gemini_Generated_Image_dva2wgdva2wgdva2-1030x752.png\"},{\"@type\":\"BreadcrumbList\",\"@id\":\"https:\/\/qa.atrapasuenos.cl\/?page_id=2351#breadcrumb\",\"itemListElement\":[{\"@type\":\"ListItem\",\"position\":1,\"name\":\"Portada\",\"item\":\"https:\/\/qa.atrapasuenos.cl\/\"},{\"@type\":\"ListItem\",\"position\":2,\"name\":\"Empresas que transforman vidas: S\u00famate a nuestros proyectos de impacto social\"}]},{\"@type\":\"WebSite\",\"@id\":\"https:\/\/qa.atrapasuenos.cl\/#website\",\"url\":\"https:\/\/qa.atrapasuenos.cl\/\",\"name\":\"Corporaci\u00f3n Atrapasue\u00f1os\",\"description\":\"ILUMINA UNA VIDA, DONA SALUD MENTAL\",\"publisher\":{\"@id\":\"https:\/\/qa.atrapasuenos.cl\/#organization\"},\"potentialAction\":[{\"@type\":\"SearchAction\",\"target\":{\"@type\":\"EntryPoint\",\"urlTemplate\":\"https:\/\/qa.atrapasuenos.cl\/?s={search_term_string}\"},\"query-input\":{\"@type\":\"PropertyValueSpecification\",\"valueRequired\":true,\"valueName\":\"search_term_string\"}}],\"inLanguage\":\"es\"},{\"@type\":\"Organization\",\"@id\":\"https:\/\/qa.atrapasuenos.cl\/#organization\",\"name\":\"Corporaci\u00f3n Atrapasue\u00f1os\",\"url\":\"https:\/\/qa.atrapasuenos.cl\/\",\"logo\":{\"@type\":\"ImageObject\",\"inLanguage\":\"es\",\"@id\":\"https:\/\/qa.atrapasuenos.cl\/#\/schema\/logo\/image\/\",\"url\":\"http:\/\/www.atrapasuenos.cl\/wp-content\/uploads\/2021\/12\/GC_ATRAPASUENOS.png\",\"contentUrl\":\"http:\/\/www.atrapasuenos.cl\/wp-content\/uploads\/2021\/12\/GC_ATRAPASUENOS.png\",\"width\":300,\"height\":300,\"caption\":\"Corporaci\u00f3n Atrapasue\u00f1os\"},\"image\":{\"@id\":\"https:\/\/qa.atrapasuenos.cl\/#\/schema\/logo\/image\/\"},\"sameAs\":[\"https:\/\/www.facebook.com\/atrapasuenos.cl\",\"https:\/\/www.instagram.com\/atrapasuenos.corp\/\"]}]}<\/script>\n<!-- \/ Yoast SEO plugin. -->","yoast_head_json":{"title":"Empresas que transforman vidas: S\u00famate a nuestros proyectos de impacto social - Corporaci\u00f3n Atrapasue\u00f1os","robots":{"index":"index","follow":"follow","max-snippet":"max-snippet:-1","max-image-preview":"max-image-preview:large","max-video-preview":"max-video-preview:-1"},"canonical":"https:\/\/qa.atrapasuenos.cl\/?page_id=2351","og_locale":"es_ES","og_type":"article","og_title":"Empresas que transforman vidas: S\u00famate a nuestros proyectos de impacto social - Corporaci\u00f3n Atrapasue\u00f1os","og_description":"Tu compromiso puede cambiar el futuro de la Salud Mental en Chile En Chile, la Salud Mental es una prioridad urgente: 1 de cada 5 personas presenta s\u00edntomas de ansiedad o depresi\u00f3n, y el acceso a atenci\u00f3n psicol\u00f3gica sigue siendo limitado. En Corporaci\u00f3n Atrapasue\u00f1os, trabajamos para cerrar esta brecha, pero necesitamos aliados estrat\u00e9gicos que compartan nuestra visi\u00f3n. \u00bfPor qu\u00e9 tu [&hellip;]","og_url":"https:\/\/qa.atrapasuenos.cl\/?page_id=2351","og_site_name":"Corporaci\u00f3n Atrapasue\u00f1os","article_publisher":"https:\/\/www.facebook.com\/atrapasuenos.cl","article_modified_time":"2026-01-19T22:35:26+00:00","og_image":[{"url":"https:\/\/qa.atrapasuenos.cl\/wp-content\/uploads\/2026\/01\/Gemini_Generated_Image_dva2wgdva2wgdva2-1030x752.png"}],"twitter_card":"summary_large_image","twitter_misc":{"Tiempo de lectura":"2 minutos"},"schema":{"@context":"https:\/\/schema.org","@graph":[{"@type":"WebPage","@id":"https:\/\/qa.atrapasuenos.cl\/?page_id=2351","url":"https:\/\/qa.atrapasuenos.cl\/?page_id=2351","name":"Empresas que transforman vidas: S\u00famate a nuestros proyectos de impacto social - Corporaci\u00f3n Atrapasue\u00f1os","isPartOf":{"@id":"https:\/\/qa.atrapasuenos.cl\/#website"},"primaryImageOfPage":{"@id":"https:\/\/qa.atrapasuenos.cl\/?page_id=2351#primaryimage"},"image":{"@id":"https:\/\/qa.atrapasuenos.cl\/?page_id=2351#primaryimage"},"thumbnailUrl":"https:\/\/qa.atrapasuenos.cl\/wp-content\/uploads\/2026\/01\/Gemini_Generated_Image_dva2wgdva2wgdva2-1030x752.png","datePublished":"2023-07-24T21:24:22+00:00","dateModified":"2026-01-19T22:35:26+00:00","breadcrumb":{"@id":"https:\/\/qa.atrapasuenos.cl\/?page_id=2351#breadcrumb"},"inLanguage":"es","potentialAction":[{"@type":"ReadAction","target":["https:\/\/qa.atrapasuenos.cl\/?page_id=2351"]}]},{"@type":"ImageObject","inLanguage":"es","@id":"https:\/\/qa.atrapasuenos.cl\/?page_id=2351#primaryimage","url":"https:\/\/qa.atrapasuenos.cl\/wp-content\/uploads\/2026\/01\/Gemini_Generated_Image_dva2wgdva2wgdva2-1030x752.png","contentUrl":"https:\/\/qa.atrapasuenos.cl\/wp-content\/uploads\/2026\/01\/Gemini_Generated_Image_dva2wgdva2wgdva2-1030x752.png"},{"@type":"BreadcrumbList","@id":"https:\/\/qa.atrapasuenos.cl\/?page_id=2351#breadcrumb","itemListElement":[{"@type":"ListItem","position":1,"name":"Portada","item":"https:\/\/qa.atrapasuenos.cl\/"},{"@type":"ListItem","position":2,"name":"Empresas que transforman vidas: S\u00famate a nuestros proyectos de impacto social"}]},{"@type":"WebSite","@id":"https:\/\/qa.atrapasuenos.cl\/#website","url":"https:\/\/qa.atrapasuenos.cl\/","name":"Corporaci\u00f3n Atrapasue\u00f1os","description":"ILUMINA UNA VIDA, DONA SALUD MENTAL","publisher":{"@id":"https:\/\/qa.atrapasuenos.cl\/#organization"},"potentialAction":[{"@type":"SearchAction","target":{"@type":"EntryPoint","urlTemplate":"https:\/\/qa.atrapasuenos.cl\/?s={search_term_string}"},"query-input":{"@type":"PropertyValueSpecification","valueRequired":true,"valueName":"search_term_string"}}],"inLanguage":"es"},{"@type":"Organization","@id":"https:\/\/qa.atrapasuenos.cl\/#organization","name":"Corporaci\u00f3n Atrapasue\u00f1os","url":"https:\/\/qa.atrapasuenos.cl\/","logo":{"@type":"ImageObject","inLanguage":"es","@id":"https:\/\/qa.atrapasuenos.cl\/#\/schema\/logo\/image\/","url":"http:\/\/www.atrapasuenos.cl\/wp-content\/uploads\/2021\/12\/GC_ATRAPASUENOS.png","contentUrl":"http:\/\/www.atrapasuenos.cl\/wp-content\/uploads\/2021\/12\/GC_ATRAPASUENOS.png","width":300,"height":300,"caption":"Corporaci\u00f3n Atrapasue\u00f1os"},"image":{"@id":"https:\/\/qa.atrapasuenos.cl\/#\/schema\/logo\/image\/"},"sameAs":["https:\/\/www.facebook.com\/atrapasuenos.cl","https:\/\/www.instagram.com\/atrapasuenos.corp\/"]}]}},"_links":{"self":[{"href":"https:\/\/qa.atrapasuenos.cl\/index.php?rest_route=\/wp\/v2\/pages\/2351","targetHints":{"allow":["GET"]}}],"collection":[{"href":"https:\/\/qa.atrapasuenos.cl\/index.php?rest_route=\/wp\/v2\/pages"}],"about":[{"href":"https:\/\/qa.atrapasuenos.cl\/index.php?rest_route=\/wp\/v2\/types\/page"}],"author":[{"embeddable":true,"href":"https:\/\/qa.atrapasuenos.cl\/index.php?rest_route=\/wp\/v2\/users\/3"}],"replies":[{"embeddable":true,"href":"https:\/\/qa.atrapasuenos.cl\/index.php?rest_route=%2Fwp%2Fv2%2Fcomments&post=2351"}],"version-history":[{"count":8,"href":"https:\/\/qa.atrapasuenos.cl\/index.php?rest_route=\/wp\/v2\/pages\/2351\/revisions"}],"predecessor-version":[{"id":3219,"href":"https:\/\/qa.atrapasuenos.cl\/index.php?rest_route=\/wp\/v2\/pages\/2351\/revisions\/3219"}],"wp:attachment":[{"href":"https:\/\/qa.atrapasuenos.cl\/index.php?rest_route=%2Fwp%2Fv2%2Fmedia&parent=2351"}],"curies":[{"name":"wp","href":"https:\/\/api.w.org\/{rel}","templated":true}]}}