{"id":2,"date":"2011-01-07T11:47:19","date_gmt":"2011-01-07T11:47:19","guid":{"rendered":"http:\/\/190.54.12.94\/~atrapasu\/?page_id=2"},"modified":"2022-01-18T15:01:04","modified_gmt":"2022-01-18T15:01:04","slug":"acerca-de","status":"publish","type":"page","link":"https:\/\/qa.atrapasuenos.cl\/?page_id=2","title":{"rendered":"\u00bfQui\u00e9n es Dr. Mario Vidal Climent?"},"content":{"rendered":"\n<figure class=\"wp-block-image size-full is-style-default\"><a href=\"http:\/\/www.atrapasuenos.cl\/wp-content\/uploads\/2021\/11\/DR-1.jpg\"><img loading=\"lazy\" decoding=\"async\" width=\"668\" height=\"507\" src=\"http:\/\/www.atrapasuenos.cl\/wp-content\/uploads\/2021\/11\/DR-1.jpg\" alt=\"\" class=\"wp-image-1692\" srcset=\"https:\/\/qa.atrapasuenos.cl\/wp-content\/uploads\/2021\/11\/DR-1.jpg 668w, https:\/\/qa.atrapasuenos.cl\/wp-content\/uploads\/2021\/11\/DR-1-350x266.jpg 350w, https:\/\/qa.atrapasuenos.cl\/wp-content\/uploads\/2021\/11\/DR-1-300x228.jpg 300w, https:\/\/qa.atrapasuenos.cl\/wp-content\/uploads\/2021\/11\/DR-1-124x93.jpg 124w\" sizes=\"auto, (max-width: 668px) 100vw, 668px\" \/><\/a><figcaption>Dr. Mario Vidal Climent<\/figcaption><\/figure>\n\n\n<p><\/p>\n<h5>Sobre Dr. Mario Vidal<\/h5>\n<p>Nuestro querido maestro e inspirador, el <strong>Dr. Mario Vidal Climent<\/strong>, naci\u00f3 en Santiago el 6 de enero de 1927, hijo de padres catalanes, \u00f1u\u00f1o\u00edno de por vida, es el tercero de cuatro hermanos. Estudi\u00f3 Medicina en la Universidad de Chile, <strong>especializ\u00e1ndose en&nbsp; Psiquiatr\u00eda<\/strong>. Aficionado al football y \u201cchuncho\u201d de coraz\u00f3n, sus hobbies han sido la lectura (su vicio secreto) y la vida al aire libre.<\/p>\n<p>Durante toda su carrera profesional ha combinado el trabajo desinteresado en ONGs&nbsp; (FASIC Y CINTRAS), la docencia en diferentes hospitales adosado a la Universidad de Chile, y el desarrollo de Centros Comunitarios que han acercado la psiquiatr\u00eda a la poblaci\u00f3n; siendo uno de los <strong>pioneros<\/strong> en el \u00e1rea de la <strong>Psiquiatr\u00eda Comunitaria<\/strong>.<\/p>\n<h5>Su aporte a Atrapasue\u00f1os<\/h5>\n<p><span style=\"color: #333333;\">Son m\u00e1s bien escasos los hombres que logran pasar por este mundo trascendiendo a varias generaciones con su obra, pero son casi una especie extinta los que trascienden por su integridad y coherencia. Valores que hoy se buscan a ultranza en quienes lideran naciones y organizaciones.<\/span><\/p>\n<p><span style=\"color: #333333;\">Los disc\u00edpulos del <strong>Dr. Mario Vidal Climent<\/strong> debemos considerarnos afortunados, pues nuestro maestro no s\u00f3lo nos mostr\u00f3 el maravilloso mundo de la Psiquiatr\u00eda Social, sino que tambi\u00e9n nos ha regalado generosamente su ense\u00f1anza de vida: la b\u00fasqueda de la integridad.<\/span><\/p>\n<p><span style=\"color: #333333;\">La <strong>Corporaci\u00f3n Atrapasue\u00f1o<\/strong>s recoge esta experiencia y ense\u00f1anza, y la pone al servicio de las comunidades m\u00e1s vulnerables de nuestro pa\u00eds, sin discriminar sexo, edad y origen.<\/span><\/p>\n<p>Haz clic <strong><a href=\"https:\/\/www.atrapasuenos.cl\/?page_id=15\">aqu\u00ed<\/a><\/strong> para unirte a la causa del Dr. Mario Vidal y colaborar con Corporaci\u00f3n Atrapasue\u00f1os a mejorar la vida de cientos de personas.<\/p>\n<p>Llevamos m\u00e1s de 10 a\u00f1os al servicio de la comunidad y estamos ansiosos de seguir trabajando para continuar el legado del Dr. Mario Vidal, ayudando especialmente a mujeres y madres en situaci\u00f3n de vulnerabilidad social, garantizando el acceso a prestaciones psicol\u00f3gicas y psiqui\u00e1tricas de calidad.<\/p>\n\n\n<p><\/p>\n","protected":false},"excerpt":{"rendered":"<p>Sobre Dr. Mario Vidal Nuestro querido maestro e inspirador, el Dr. Mario Vidal Climent, naci\u00f3 en Santiago el 6 de enero de 1927, hijo de padres catalanes, \u00f1u\u00f1o\u00edno de por vida, es el tercero de cuatro hermanos. Estudi\u00f3 Medicina en la Universidad de Chile, especializ\u00e1ndose en&nbsp; Psiquiatr\u00eda. Aficionado al football y \u201cchuncho\u201d de coraz\u00f3n, sus hobbies han sido la lectura [&hellip;]<\/p>\n","protected":false},"author":3,"featured_media":1787,"parent":0,"menu_order":3,"comment_status":"closed","ping_status":"closed","template":"","meta":{"footnotes":""},"class_list":["post-2","page","type-page","status-publish","has-post-thumbnail","hentry"],"yoast_head":"<!-- This site is optimized with the Yoast SEO plugin v23.4 - https:\/\/yoast.com\/wordpress\/plugins\/seo\/ -->\n<title>\u00bfQui\u00e9n es Dr. Mario Vidal Climent? - Corporaci\u00f3n Atrapasue\u00f1os<\/title>\n<meta name=\"robots\" content=\"index, follow, max-snippet:-1, max-image-preview:large, max-video-preview:-1\" \/>\n<link rel=\"canonical\" href=\"https:\/\/qa.atrapasuenos.cl\/?page_id=2\" \/>\n<meta property=\"og:locale\" content=\"es_ES\" \/>\n<meta property=\"og:type\" content=\"article\" \/>\n<meta property=\"og:title\" content=\"\u00bfQui\u00e9n es Dr. Mario Vidal Climent? - Corporaci\u00f3n Atrapasue\u00f1os\" \/>\n<meta property=\"og:description\" content=\"Sobre Dr. Mario Vidal Nuestro querido maestro e inspirador, el Dr. Mario Vidal Climent, naci\u00f3 en Santiago el 6 de enero de 1927, hijo de padres catalanes, \u00f1u\u00f1o\u00edno de por vida, es el tercero de cuatro hermanos. Estudi\u00f3 Medicina en la Universidad de Chile, especializ\u00e1ndose en&nbsp; Psiquiatr\u00eda. Aficionado al football y \u201cchuncho\u201d de coraz\u00f3n, sus hobbies han sido la lectura [&hellip;]\" \/>\n<meta property=\"og:url\" content=\"https:\/\/qa.atrapasuenos.cl\/?page_id=2\" \/>\n<meta property=\"og:site_name\" content=\"Corporaci\u00f3n Atrapasue\u00f1os\" \/>\n<meta property=\"article:publisher\" content=\"https:\/\/www.facebook.com\/atrapasuenos.cl\" \/>\n<meta property=\"article:modified_time\" content=\"2022-01-18T15:01:04+00:00\" \/>\n<meta property=\"og:image\" content=\"https:\/\/qa.atrapasuenos.cl\/wp-content\/uploads\/2021\/11\/cropped-cropped-DR-1.jpg\" \/>\n\t<meta property=\"og:image:width\" content=\"388\" \/>\n\t<meta property=\"og:image:height\" content=\"279\" \/>\n\t<meta property=\"og:image:type\" content=\"image\/jpeg\" \/>\n<meta name=\"twitter:card\" content=\"summary_large_image\" \/>\n<meta name=\"twitter:label1\" content=\"Tiempo de lectura\" \/>\n\t<meta name=\"twitter:data1\" content=\"2 minutos\" \/>\n<script type=\"application\/ld+json\" class=\"yoast-schema-graph\">{\"@context\":\"https:\/\/schema.org\",\"@graph\":[{\"@type\":\"WebPage\",\"@id\":\"https:\/\/qa.atrapasuenos.cl\/?page_id=2\",\"url\":\"https:\/\/qa.atrapasuenos.cl\/?page_id=2\",\"name\":\"\u00bfQui\u00e9n es Dr. Mario Vidal Climent? - Corporaci\u00f3n Atrapasue\u00f1os\",\"isPartOf\":{\"@id\":\"https:\/\/qa.atrapasuenos.cl\/#website\"},\"primaryImageOfPage\":{\"@id\":\"https:\/\/qa.atrapasuenos.cl\/?page_id=2#primaryimage\"},\"image\":{\"@id\":\"https:\/\/qa.atrapasuenos.cl\/?page_id=2#primaryimage\"},\"thumbnailUrl\":\"https:\/\/qa.atrapasuenos.cl\/wp-content\/uploads\/2021\/11\/cropped-cropped-DR-1.jpg\",\"datePublished\":\"2011-01-07T11:47:19+00:00\",\"dateModified\":\"2022-01-18T15:01:04+00:00\",\"breadcrumb\":{\"@id\":\"https:\/\/qa.atrapasuenos.cl\/?page_id=2#breadcrumb\"},\"inLanguage\":\"es\",\"potentialAction\":[{\"@type\":\"ReadAction\",\"target\":[\"https:\/\/qa.atrapasuenos.cl\/?page_id=2\"]}]},{\"@type\":\"ImageObject\",\"inLanguage\":\"es\",\"@id\":\"https:\/\/qa.atrapasuenos.cl\/?page_id=2#primaryimage\",\"url\":\"https:\/\/qa.atrapasuenos.cl\/wp-content\/uploads\/2021\/11\/cropped-cropped-DR-1.jpg\",\"contentUrl\":\"https:\/\/qa.atrapasuenos.cl\/wp-content\/uploads\/2021\/11\/cropped-cropped-DR-1.jpg\",\"width\":388,\"height\":279,\"caption\":\"Pionero en el \u00e1rea de la Psiquiatr\u00eda Comunitaria.\"},{\"@type\":\"BreadcrumbList\",\"@id\":\"https:\/\/qa.atrapasuenos.cl\/?page_id=2#breadcrumb\",\"itemListElement\":[{\"@type\":\"ListItem\",\"position\":1,\"name\":\"Portada\",\"item\":\"https:\/\/qa.atrapasuenos.cl\/\"},{\"@type\":\"ListItem\",\"position\":2,\"name\":\"\u00bfQui\u00e9n es Dr. Mario Vidal Climent?\"}]},{\"@type\":\"WebSite\",\"@id\":\"https:\/\/qa.atrapasuenos.cl\/#website\",\"url\":\"https:\/\/qa.atrapasuenos.cl\/\",\"name\":\"Corporaci\u00f3n Atrapasue\u00f1os\",\"description\":\"ILUMINA UNA VIDA, DONA SALUD MENTAL\",\"publisher\":{\"@id\":\"https:\/\/qa.atrapasuenos.cl\/#organization\"},\"potentialAction\":[{\"@type\":\"SearchAction\",\"target\":{\"@type\":\"EntryPoint\",\"urlTemplate\":\"https:\/\/qa.atrapasuenos.cl\/?s={search_term_string}\"},\"query-input\":{\"@type\":\"PropertyValueSpecification\",\"valueRequired\":true,\"valueName\":\"search_term_string\"}}],\"inLanguage\":\"es\"},{\"@type\":\"Organization\",\"@id\":\"https:\/\/qa.atrapasuenos.cl\/#organization\",\"name\":\"Corporaci\u00f3n Atrapasue\u00f1os\",\"url\":\"https:\/\/qa.atrapasuenos.cl\/\",\"logo\":{\"@type\":\"ImageObject\",\"inLanguage\":\"es\",\"@id\":\"https:\/\/qa.atrapasuenos.cl\/#\/schema\/logo\/image\/\",\"url\":\"http:\/\/www.atrapasuenos.cl\/wp-content\/uploads\/2021\/12\/GC_ATRAPASUENOS.png\",\"contentUrl\":\"http:\/\/www.atrapasuenos.cl\/wp-content\/uploads\/2021\/12\/GC_ATRAPASUENOS.png\",\"width\":300,\"height\":300,\"caption\":\"Corporaci\u00f3n Atrapasue\u00f1os\"},\"image\":{\"@id\":\"https:\/\/qa.atrapasuenos.cl\/#\/schema\/logo\/image\/\"},\"sameAs\":[\"https:\/\/www.facebook.com\/atrapasuenos.cl\",\"https:\/\/www.instagram.com\/atrapasuenos.corp\/\"]}]}<\/script>\n<!-- \/ Yoast SEO plugin. -->","yoast_head_json":{"title":"\u00bfQui\u00e9n es Dr. Mario Vidal Climent? - Corporaci\u00f3n Atrapasue\u00f1os","robots":{"index":"index","follow":"follow","max-snippet":"max-snippet:-1","max-image-preview":"max-image-preview:large","max-video-preview":"max-video-preview:-1"},"canonical":"https:\/\/qa.atrapasuenos.cl\/?page_id=2","og_locale":"es_ES","og_type":"article","og_title":"\u00bfQui\u00e9n es Dr. Mario Vidal Climent? - Corporaci\u00f3n Atrapasue\u00f1os","og_description":"Sobre Dr. Mario Vidal Nuestro querido maestro e inspirador, el Dr. Mario Vidal Climent, naci\u00f3 en Santiago el 6 de enero de 1927, hijo de padres catalanes, \u00f1u\u00f1o\u00edno de por vida, es el tercero de cuatro hermanos. Estudi\u00f3 Medicina en la Universidad de Chile, especializ\u00e1ndose en&nbsp; Psiquiatr\u00eda. Aficionado al football y \u201cchuncho\u201d de coraz\u00f3n, sus hobbies han sido la lectura [&hellip;]","og_url":"https:\/\/qa.atrapasuenos.cl\/?page_id=2","og_site_name":"Corporaci\u00f3n Atrapasue\u00f1os","article_publisher":"https:\/\/www.facebook.com\/atrapasuenos.cl","article_modified_time":"2022-01-18T15:01:04+00:00","og_image":[{"width":388,"height":279,"url":"https:\/\/qa.atrapasuenos.cl\/wp-content\/uploads\/2021\/11\/cropped-cropped-DR-1.jpg","type":"image\/jpeg"}],"twitter_card":"summary_large_image","twitter_misc":{"Tiempo de lectura":"2 minutos"},"schema":{"@context":"https:\/\/schema.org","@graph":[{"@type":"WebPage","@id":"https:\/\/qa.atrapasuenos.cl\/?page_id=2","url":"https:\/\/qa.atrapasuenos.cl\/?page_id=2","name":"\u00bfQui\u00e9n es Dr. Mario Vidal Climent? - Corporaci\u00f3n Atrapasue\u00f1os","isPartOf":{"@id":"https:\/\/qa.atrapasuenos.cl\/#website"},"primaryImageOfPage":{"@id":"https:\/\/qa.atrapasuenos.cl\/?page_id=2#primaryimage"},"image":{"@id":"https:\/\/qa.atrapasuenos.cl\/?page_id=2#primaryimage"},"thumbnailUrl":"https:\/\/qa.atrapasuenos.cl\/wp-content\/uploads\/2021\/11\/cropped-cropped-DR-1.jpg","datePublished":"2011-01-07T11:47:19+00:00","dateModified":"2022-01-18T15:01:04+00:00","breadcrumb":{"@id":"https:\/\/qa.atrapasuenos.cl\/?page_id=2#breadcrumb"},"inLanguage":"es","potentialAction":[{"@type":"ReadAction","target":["https:\/\/qa.atrapasuenos.cl\/?page_id=2"]}]},{"@type":"ImageObject","inLanguage":"es","@id":"https:\/\/qa.atrapasuenos.cl\/?page_id=2#primaryimage","url":"https:\/\/qa.atrapasuenos.cl\/wp-content\/uploads\/2021\/11\/cropped-cropped-DR-1.jpg","contentUrl":"https:\/\/qa.atrapasuenos.cl\/wp-content\/uploads\/2021\/11\/cropped-cropped-DR-1.jpg","width":388,"height":279,"caption":"Pionero en el \u00e1rea de la Psiquiatr\u00eda Comunitaria."},{"@type":"BreadcrumbList","@id":"https:\/\/qa.atrapasuenos.cl\/?page_id=2#breadcrumb","itemListElement":[{"@type":"ListItem","position":1,"name":"Portada","item":"https:\/\/qa.atrapasuenos.cl\/"},{"@type":"ListItem","position":2,"name":"\u00bfQui\u00e9n es Dr. Mario Vidal Climent?"}]},{"@type":"WebSite","@id":"https:\/\/qa.atrapasuenos.cl\/#website","url":"https:\/\/qa.atrapasuenos.cl\/","name":"Corporaci\u00f3n Atrapasue\u00f1os","description":"ILUMINA UNA VIDA, DONA SALUD MENTAL","publisher":{"@id":"https:\/\/qa.atrapasuenos.cl\/#organization"},"potentialAction":[{"@type":"SearchAction","target":{"@type":"EntryPoint","urlTemplate":"https:\/\/qa.atrapasuenos.cl\/?s={search_term_string}"},"query-input":{"@type":"PropertyValueSpecification","valueRequired":true,"valueName":"search_term_string"}}],"inLanguage":"es"},{"@type":"Organization","@id":"https:\/\/qa.atrapasuenos.cl\/#organization","name":"Corporaci\u00f3n Atrapasue\u00f1os","url":"https:\/\/qa.atrapasuenos.cl\/","logo":{"@type":"ImageObject","inLanguage":"es","@id":"https:\/\/qa.atrapasuenos.cl\/#\/schema\/logo\/image\/","url":"http:\/\/www.atrapasuenos.cl\/wp-content\/uploads\/2021\/12\/GC_ATRAPASUENOS.png","contentUrl":"http:\/\/www.atrapasuenos.cl\/wp-content\/uploads\/2021\/12\/GC_ATRAPASUENOS.png","width":300,"height":300,"caption":"Corporaci\u00f3n Atrapasue\u00f1os"},"image":{"@id":"https:\/\/qa.atrapasuenos.cl\/#\/schema\/logo\/image\/"},"sameAs":["https:\/\/www.facebook.com\/atrapasuenos.cl","https:\/\/www.instagram.com\/atrapasuenos.corp\/"]}]}},"_links":{"self":[{"href":"https:\/\/qa.atrapasuenos.cl\/index.php?rest_route=\/wp\/v2\/pages\/2","targetHints":{"allow":["GET"]}}],"collection":[{"href":"https:\/\/qa.atrapasuenos.cl\/index.php?rest_route=\/wp\/v2\/pages"}],"about":[{"href":"https:\/\/qa.atrapasuenos.cl\/index.php?rest_route=\/wp\/v2\/types\/page"}],"author":[{"embeddable":true,"href":"https:\/\/qa.atrapasuenos.cl\/index.php?rest_route=\/wp\/v2\/users\/3"}],"replies":[{"embeddable":true,"href":"https:\/\/qa.atrapasuenos.cl\/index.php?rest_route=%2Fwp%2Fv2%2Fcomments&post=2"}],"version-history":[{"count":44,"href":"https:\/\/qa.atrapasuenos.cl\/index.php?rest_route=\/wp\/v2\/pages\/2\/revisions"}],"predecessor-version":[{"id":2050,"href":"https:\/\/qa.atrapasuenos.cl\/index.php?rest_route=\/wp\/v2\/pages\/2\/revisions\/2050"}],"wp:featuredmedia":[{"embeddable":true,"href":"https:\/\/qa.atrapasuenos.cl\/index.php?rest_route=\/wp\/v2\/media\/1787"}],"wp:attachment":[{"href":"https:\/\/qa.atrapasuenos.cl\/index.php?rest_route=%2Fwp%2Fv2%2Fmedia&parent=2"}],"curies":[{"name":"wp","href":"https:\/\/api.w.org\/{rel}","templated":true}]}}